{"id":4480,"date":"2023-11-20T13:09:04","date_gmt":"2023-11-20T13:09:04","guid":{"rendered":"https:\/\/sunsukoretreat.com\/deluxe\/"},"modified":"2024-04-24T06:49:11","modified_gmt":"2024-04-24T06:49:11","slug":"deluxe","status":"publish","type":"page","link":"https:\/\/sunsukoretreat.com\/de\/deluxe\/","title":{"rendered":"Deluxe"},"content":{"rendered":"<div style=\"height:100px\" aria-hidden=\"true\" class=\"wp-block-spacer spacex\"><\/div><div class=\"wp-block-genesis-blocks-gb-columns gb-layout-columns-1 one-column gb-columns-center\" style=\"margin-top:2px;margin-bottom:2px;padding-top:2px;padding-right:1px;padding-bottom:2px;padding-left:2px\"><div class=\"gb-layout-column-wrap gb-block-layout-column-gap-2 gb-is-responsive-column\" style=\"max-width:900px\"><div class=\"wp-block-genesis-blocks-gb-column gb-block-layout-column\"><div class=\"gb-block-layout-column-inner\"><div class=\"mphb_sc_rooms-wrapper mphb-room-types \">\n<div class=\"mphb-room-type post-4465 mphb_room_type type-mphb_room_type status-publish has-post-thumbnail mphb_room_type_category-deluxe-room-de-2 mphb_room_type_facility-heisses-wasser mphb_room_type_facility-klimageraet mphb_room_type_facility-kuhlschrank entry mphb-room-type-adults-2 mphb-room-type-children-0 \">\n\n\t\n\t\n\n\t<p class=\"post-thumbnail mphb-loop-room-thumbnail\">\n\t<a href=\"https:\/\/sunsukoretreat.com\/de\/accommodation\/dragon-deluxe\/\">\n\t<img loading=\"lazy\" decoding=\"async\" width=\"1400\" height=\"933\" src=\"https:\/\/sunsukoretreat.com\/wp-content\/uploads\/2023\/08\/north-bali-hotel-yoga-retreat-dragon-deluxe-room-050.jpg\" class=\"attachment-post-thumbnail size-post-thumbnail wp-post-image\" alt=\"\" srcset=\"https:\/\/sunsukoretreat.com\/wp-content\/uploads\/2023\/08\/north-bali-hotel-yoga-retreat-dragon-deluxe-room-050.jpg 1400w, https:\/\/sunsukoretreat.com\/wp-content\/uploads\/2023\/08\/north-bali-hotel-yoga-retreat-dragon-deluxe-room-050-300x200.jpg 300w, https:\/\/sunsukoretreat.com\/wp-content\/uploads\/2023\/08\/north-bali-hotel-yoga-retreat-dragon-deluxe-room-050-1024x682.jpg 1024w, https:\/\/sunsukoretreat.com\/wp-content\/uploads\/2023\/08\/north-bali-hotel-yoga-retreat-dragon-deluxe-room-050-768x512.jpg 768w, https:\/\/sunsukoretreat.com\/wp-content\/uploads\/2023\/08\/north-bali-hotel-yoga-retreat-dragon-deluxe-room-050-600x400.jpg 600w, https:\/\/sunsukoretreat.com\/wp-content\/uploads\/2023\/08\/north-bali-hotel-yoga-retreat-dragon-deluxe-room-050-700x467.jpg 700w\" sizes=\"(max-width: 1400px) 100vw, 1400px\" \/>\t<\/a>\n\n\t<\/p>\n\n<h2 class=\"mphb-room-type-title entry-title\">\n\n<a class=\"mphb-room-type-title\" href=\"https:\/\/sunsukoretreat.com\/de\/accommodation\/dragon-deluxe\/\">Dragon Deluxe<\/a>\n\n<\/h2>\n\n<p>Unser farbenfrohes Drachen Zimmer strahlt eine warme, ausgleichende Energie aus, in der Sie sich wohlf\u00fchlen. Das Badezimmer bietet einen atemberaubenden Blick auf die Berge und die Dusche besteht aus regenbogenfarbenen Natursteinen.<\/p>\n\n\n<h3 class=\"mphb-room-type-details-title\">Details<\/h3><ul class=\"mphb-loop-room-type-attributes\">\n    <li class=\"mphb-room-type-total-capacity\"><span class=\"mphb-attribute-title mphb-total-capacity-title\">G\u00e4ste:<\/span><span class=\"mphb-attribute-value\">\n    2\n    <\/span><\/li>\n\n\n\n\t<li class=\"mphb-room-type-facilities\"><span class=\"mphb-attribute-title mphb-facilities-title\">Ausstattungen:<\/span><span class=\"mphb-attribute-value\"> <span class=\"facility-heisses-wasser\"><a href=\"https:\/\/sunsukoretreat.com\/de\/accommodation-facility\/heisses-wasser\/\">Hei\u00dfes Wasser<\/a><\/span>, <span class=\"facility-klimageraet\"><a href=\"https:\/\/sunsukoretreat.com\/de\/accommodation-facility\/klimageraet\/\">Klimager\u00e4t<\/a><\/span>, <span class=\"facility-kuhlschrank\"><a href=\"https:\/\/sunsukoretreat.com\/de\/accommodation-facility\/kuhlschrank\/\">K\u00fchlschrank<\/a><\/span><\/span><\/li>\n\n\n\n\t<li class=\"mphb-room-type-view\"><span class=\"mphb-attribute-title mphb-view-title\">Ansicht:<\/span><span class=\"mphb-attribute-value\">\n\tPool\n\t<\/span><\/li>\n\n\n\n\t<li class=\"mphb-room-type-size\"><span class=\"mphb-attribute-title mphb-size-title\">Gr\u00f6\u00dfe:<\/span><span class=\"mphb-attribute-value\">\n\t50m\u00b2\n\t<\/span><\/li>\n\n\n\t<li class=\"mphb-room-type-bed-type\"><span  class=\"mphb-attribute-title mphb-bed-type-title\">Bettentyp:<\/span><span class=\"mphb-attribute-value\">\n\tKing or Twin bed\n\t<\/span><\/li>\n\n\n\t<li class=\"mphb-room-type-categories\"><span class=\"mphb-attribute-title mphb-categories-title\">Kategorien:<\/span><span class=\"mphb-attribute-value\"> <span class=\"category-deluxe-room-de-2\"><a href=\"https:\/\/sunsukoretreat.com\/de\/accommodation-category\/deluxe-room-de-2\/\">Deluxe Room<\/a><\/span><\/span><\/li>\n\n<\/ul>\n\n\t<p class=\"mphb-regular-price\"><strong>Preis von:<\/strong>\n\t<span class=\"mphb-price\"><span class=\"mphb-currency\">&#36;<\/span>115<\/span> <span class=\"mphb-price-period\" title=\"W\u00e4hlen Sie Daten, um relevante Preise zu sehen\">pro Nacht<\/span>\n\t<\/p>\n\n<p class=\"mphb-view-details-button-wrapper\">\n<a class=\"button mphb-view-details-button\" href=\"https:\/\/sunsukoretreat.com\/de\/accommodation\/dragon-deluxe\/\" >Details ansehen<\/a>\n<\/p>\r\n<div class=\"mphb-to-book-btn-wrapper\">\r\n<form action=\"https:\/\/sunsukoretreat.com\/de\/accommodation\/dragon-deluxe\/#booking-form-4465\" method=\"get\" ><button type=\"submit\" class=\"button mphb-book-button\" >Buchen<\/button><\/form>\r\n<br\/><\/div>\n\t\n<\/div>\n\n\n<div class=\"mphb-room-type post-4466 mphb_room_type type-mphb_room_type status-publish has-post-thumbnail mphb_room_type_category-deluxe-room-de-2 mphb_room_type_facility-heisses-wasser mphb_room_type_facility-klimageraet mphb_room_type_facility-kuhlschrank entry mphb-room-type-adults-2 mphb-room-type-children-0 \">\n\n\t\n\t\n\n\t<p class=\"post-thumbnail mphb-loop-room-thumbnail\">\n\t<a href=\"https:\/\/sunsukoretreat.com\/de\/accommodation\/palm-deluxe\/\">\n\t<img loading=\"lazy\" decoding=\"async\" width=\"1400\" height=\"933\" src=\"https:\/\/sunsukoretreat.com\/wp-content\/uploads\/2023\/08\/SSR-ROOMS-52-2.jpg\" class=\"attachment-post-thumbnail size-post-thumbnail wp-post-image\" alt=\"\" srcset=\"https:\/\/sunsukoretreat.com\/wp-content\/uploads\/2023\/08\/SSR-ROOMS-52-2.jpg 1400w, https:\/\/sunsukoretreat.com\/wp-content\/uploads\/2023\/08\/SSR-ROOMS-52-2-300x200.jpg 300w, https:\/\/sunsukoretreat.com\/wp-content\/uploads\/2023\/08\/SSR-ROOMS-52-2-1024x682.jpg 1024w, https:\/\/sunsukoretreat.com\/wp-content\/uploads\/2023\/08\/SSR-ROOMS-52-2-768x512.jpg 768w, https:\/\/sunsukoretreat.com\/wp-content\/uploads\/2023\/08\/SSR-ROOMS-52-2-600x400.jpg 600w, https:\/\/sunsukoretreat.com\/wp-content\/uploads\/2023\/08\/SSR-ROOMS-52-2-700x467.jpg 700w\" sizes=\"(max-width: 1400px) 100vw, 1400px\" \/>\t<\/a>\n\n\t<\/p>\n\n<h2 class=\"mphb-room-type-title entry-title\">\n\n<a class=\"mphb-room-type-title\" href=\"https:\/\/sunsukoretreat.com\/de\/accommodation\/palm-deluxe\/\">Palm Deluxe<\/a>\n\n<\/h2>\n\n<p>Unser Palm Zimmer hat die erholsame Energie der gr\u00fcnen Farbe und symbolisiert Hoffnung und Wohlbefinden. Das Badezimmer bietet eine sch\u00f6ne Freiluftdusche.<\/p>\n\n\n<h3 class=\"mphb-room-type-details-title\">Details<\/h3><ul class=\"mphb-loop-room-type-attributes\">\n\n\n\t<li class=\"mphb-room-type-adults-capacity\"><span class=\"mphb-attribute-title mphb-adults-title\">Erwachsene:<\/span><span class=\"mphb-attribute-value\">\n\t2\n\t<\/span><\/li>\n\n\n\n\t<li class=\"mphb-room-type-facilities\"><span class=\"mphb-attribute-title mphb-facilities-title\">Ausstattungen:<\/span><span class=\"mphb-attribute-value\"> <span class=\"facility-heisses-wasser\"><a href=\"https:\/\/sunsukoretreat.com\/de\/accommodation-facility\/heisses-wasser\/\">Hei\u00dfes Wasser<\/a><\/span>, <span class=\"facility-klimageraet\"><a href=\"https:\/\/sunsukoretreat.com\/de\/accommodation-facility\/klimageraet\/\">Klimager\u00e4t<\/a><\/span>, <span class=\"facility-kuhlschrank\"><a href=\"https:\/\/sunsukoretreat.com\/de\/accommodation-facility\/kuhlschrank\/\">K\u00fchlschrank<\/a><\/span><\/span><\/li>\n\n\n\n\t<li class=\"mphb-room-type-view\"><span class=\"mphb-attribute-title mphb-view-title\">Ansicht:<\/span><span class=\"mphb-attribute-value\">\n\tPool\n\t<\/span><\/li>\n\n\n\n\t<li class=\"mphb-room-type-size\"><span class=\"mphb-attribute-title mphb-size-title\">Gr\u00f6\u00dfe:<\/span><span class=\"mphb-attribute-value\">\n\t50m\u00b2\n\t<\/span><\/li>\n\n\n\t<li class=\"mphb-room-type-bed-type\"><span  class=\"mphb-attribute-title mphb-bed-type-title\">Bettentyp:<\/span><span class=\"mphb-attribute-value\">\n\tKing or Twin bed\n\t<\/span><\/li>\n\n\n\t<li class=\"mphb-room-type-categories\"><span class=\"mphb-attribute-title mphb-categories-title\">Kategorien:<\/span><span class=\"mphb-attribute-value\"> <span class=\"category-deluxe-room-de-2\"><a href=\"https:\/\/sunsukoretreat.com\/de\/accommodation-category\/deluxe-room-de-2\/\">Deluxe Room<\/a><\/span><\/span><\/li>\n\n<\/ul>\n\n<p class=\"mphb-view-details-button-wrapper\">\n<a class=\"button mphb-view-details-button\" href=\"https:\/\/sunsukoretreat.com\/de\/accommodation\/palm-deluxe\/\" >Details ansehen<\/a>\n<\/p>\r\n<div class=\"mphb-to-book-btn-wrapper\">\r\n<form action=\"https:\/\/sunsukoretreat.com\/de\/accommodation\/palm-deluxe\/#booking-form-4466\" method=\"get\" ><button type=\"submit\" class=\"button mphb-book-button\" >Buchen<\/button><\/form>\r\n<br\/><\/div>\n\t\n<\/div>\n\n\n<div class=\"mphb-room-type post-4467 mphb_room_type type-mphb_room_type status-publish has-post-thumbnail mphb_room_type_category-deluxe-room-de-2 mphb_room_type_facility-heisses-wasser mphb_room_type_facility-klimageraet mphb_room_type_facility-kuhlschrank entry mphb-room-type-adults-2 mphb-room-type-children-0 \">\n\n\t\n\t\n\n\t<p class=\"post-thumbnail mphb-loop-room-thumbnail\">\n\t<a href=\"https:\/\/sunsukoretreat.com\/de\/accommodation\/atlantis-deluxe\/\">\n\t<img loading=\"lazy\" decoding=\"async\" width=\"1800\" height=\"1200\" src=\"https:\/\/sunsukoretreat.com\/wp-content\/uploads\/2023\/10\/SSR-ROOMS-62-1800x1200-1.jpg\" class=\"attachment-post-thumbnail size-post-thumbnail wp-post-image\" alt=\"\" srcset=\"https:\/\/sunsukoretreat.com\/wp-content\/uploads\/2023\/10\/SSR-ROOMS-62-1800x1200-1.jpg 1800w, https:\/\/sunsukoretreat.com\/wp-content\/uploads\/2023\/10\/SSR-ROOMS-62-1800x1200-1-300x200.jpg 300w, https:\/\/sunsukoretreat.com\/wp-content\/uploads\/2023\/10\/SSR-ROOMS-62-1800x1200-1-1024x683.jpg 1024w, https:\/\/sunsukoretreat.com\/wp-content\/uploads\/2023\/10\/SSR-ROOMS-62-1800x1200-1-768x512.jpg 768w, https:\/\/sunsukoretreat.com\/wp-content\/uploads\/2023\/10\/SSR-ROOMS-62-1800x1200-1-1536x1024.jpg 1536w, https:\/\/sunsukoretreat.com\/wp-content\/uploads\/2023\/10\/SSR-ROOMS-62-1800x1200-1-600x400.jpg 600w, https:\/\/sunsukoretreat.com\/wp-content\/uploads\/2023\/10\/SSR-ROOMS-62-1800x1200-1-700x467.jpg 700w\" sizes=\"(max-width: 1800px) 100vw, 1800px\" \/>\t<\/a>\n\n\t<\/p>\n\n<h2 class=\"mphb-room-type-title entry-title\">\n\n<a class=\"mphb-room-type-title\" href=\"https:\/\/sunsukoretreat.com\/de\/accommodation\/atlantis-deluxe\/\">Atlantis Deluxe<\/a>\n\n<\/h2>\n\n<p>Unser Atlantis-Zimmer hat die erfrischende Energie der Unterwasserfarben. Blau gilt als wohltuend f\u00fcr Geist und K\u00f6rper und sorgt f\u00fcr eine tiefe Entspannung. Das Badezimmer bietet eine gem\u00fctliche Innendusche.<\/p>\n\n\n<h3 class=\"mphb-room-type-details-title\">Details<\/h3><ul class=\"mphb-loop-room-type-attributes\">\n    <li class=\"mphb-room-type-total-capacity\"><span class=\"mphb-attribute-title mphb-total-capacity-title\">G\u00e4ste:<\/span><span class=\"mphb-attribute-value\">\n    2\n    <\/span><\/li>\n\n\n\n\t<li class=\"mphb-room-type-facilities\"><span class=\"mphb-attribute-title mphb-facilities-title\">Ausstattungen:<\/span><span class=\"mphb-attribute-value\"> <span class=\"facility-heisses-wasser\"><a href=\"https:\/\/sunsukoretreat.com\/de\/accommodation-facility\/heisses-wasser\/\">Hei\u00dfes Wasser<\/a><\/span>, <span class=\"facility-klimageraet\"><a href=\"https:\/\/sunsukoretreat.com\/de\/accommodation-facility\/klimageraet\/\">Klimager\u00e4t<\/a><\/span>, <span class=\"facility-kuhlschrank\"><a href=\"https:\/\/sunsukoretreat.com\/de\/accommodation-facility\/kuhlschrank\/\">K\u00fchlschrank<\/a><\/span><\/span><\/li>\n\n\n\n\t<li class=\"mphb-room-type-view\"><span class=\"mphb-attribute-title mphb-view-title\">Ansicht:<\/span><span class=\"mphb-attribute-value\">\n\tGarten\n\t<\/span><\/li>\n\n\n\n\t<li class=\"mphb-room-type-size\"><span class=\"mphb-attribute-title mphb-size-title\">Gr\u00f6\u00dfe:<\/span><span class=\"mphb-attribute-value\">\n\t50m\u00b2\n\t<\/span><\/li>\n\n\n\t<li class=\"mphb-room-type-bed-type\"><span  class=\"mphb-attribute-title mphb-bed-type-title\">Bettentyp:<\/span><span class=\"mphb-attribute-value\">\n\tKing or Twin bed\n\t<\/span><\/li>\n\n\n\t<li class=\"mphb-room-type-categories\"><span class=\"mphb-attribute-title mphb-categories-title\">Kategorien:<\/span><span class=\"mphb-attribute-value\"> <span class=\"category-deluxe-room-de-2\"><a href=\"https:\/\/sunsukoretreat.com\/de\/accommodation-category\/deluxe-room-de-2\/\">Deluxe Room<\/a><\/span><\/span><\/li>\n\n<\/ul>\n\n<p class=\"mphb-view-details-button-wrapper\">\n<a class=\"button mphb-view-details-button\" href=\"https:\/\/sunsukoretreat.com\/de\/accommodation\/atlantis-deluxe\/\" >Details ansehen<\/a>\n<\/p>\r\n<div class=\"mphb-to-book-btn-wrapper\">\r\n<form action=\"https:\/\/sunsukoretreat.com\/de\/accommodation\/atlantis-deluxe\/#booking-form-4467\" method=\"get\" ><button type=\"submit\" class=\"button mphb-book-button\" >Buchen<\/button><\/form>\r\n<br\/><\/div>\n\t\n<\/div>\n\n<\/div><\/div><\/div><\/div><\/div>","protected":false},"excerpt":{"rendered":"","protected":false},"author":1,"featured_media":0,"parent":0,"menu_order":0,"comment_status":"closed","ping_status":"closed","template":"","meta":{"inline_featured_image":false,"_genesis_hide_title":false,"_genesis_hide_breadcrumbs":false,"_genesis_hide_singular_image":false,"_genesis_hide_footer_widgets":false,"_genesis_custom_body_class":"","_genesis_custom_post_class":"","_genesis_layout":"","footnotes":""},"class_list":{"0":"post-4480","1":"page","2":"type-page","3":"status-publish","5":"entry"},"featured_image_src":null,"featured_image_src_square":null,"_links":{"self":[{"href":"https:\/\/sunsukoretreat.com\/de\/wp-json\/wp\/v2\/pages\/4480"}],"collection":[{"href":"https:\/\/sunsukoretreat.com\/de\/wp-json\/wp\/v2\/pages"}],"about":[{"href":"https:\/\/sunsukoretreat.com\/de\/wp-json\/wp\/v2\/types\/page"}],"author":[{"embeddable":true,"href":"https:\/\/sunsukoretreat.com\/de\/wp-json\/wp\/v2\/users\/1"}],"replies":[{"embeddable":true,"href":"https:\/\/sunsukoretreat.com\/de\/wp-json\/wp\/v2\/comments?post=4480"}],"version-history":[{"count":3,"href":"https:\/\/sunsukoretreat.com\/de\/wp-json\/wp\/v2\/pages\/4480\/revisions"}],"predecessor-version":[{"id":4483,"href":"https:\/\/sunsukoretreat.com\/de\/wp-json\/wp\/v2\/pages\/4480\/revisions\/4483"}],"wp:attachment":[{"href":"https:\/\/sunsukoretreat.com\/de\/wp-json\/wp\/v2\/media?parent=4480"}],"curies":[{"name":"wp","href":"https:\/\/api.w.org\/{rel}","templated":true}]}}