{"id":4476,"date":"2023-11-20T13:35:01","date_gmt":"2023-11-20T13:35:01","guid":{"rendered":"https:\/\/sunsukoretreat.com\/premium\/"},"modified":"2024-04-24T06:48:47","modified_gmt":"2024-04-24T06:48:47","slug":"premium","status":"publish","type":"page","link":"https:\/\/sunsukoretreat.com\/de\/premium\/","title":{"rendered":"Premium"},"content":{"rendered":"<div style=\"height:100px\" aria-hidden=\"true\" class=\"wp-block-spacer spacex\"><\/div><div class=\"wp-block-genesis-blocks-gb-columns gb-layout-columns-1 one-column gb-columns-center\" style=\"margin-top:2px;margin-bottom:2px;padding-top:2px;padding-right:1px;padding-bottom:2px;padding-left:2px\"><div class=\"gb-layout-column-wrap gb-block-layout-column-gap-2 gb-is-responsive-column\" style=\"max-width:900px\"><div class=\"wp-block-genesis-blocks-gb-column gb-block-layout-column\"><div class=\"gb-block-layout-column-inner\"><div class=\"mphb_sc_rooms-wrapper mphb-room-types \">\n<div class=\"mphb-room-type post-4445 mphb_room_type type-mphb_room_type status-publish has-post-thumbnail mphb_room_type_category-premium-room-de-2 mphb_room_type_facility-heisses-wasser mphb_room_type_facility-klimageraet mphb_room_type_facility-kuhlschrank entry mphb-room-type-adults-2 mphb-room-type-children-0 \">\n\n\t\n\t\n\n\t<p class=\"post-thumbnail mphb-loop-room-thumbnail\">\n\t<a href=\"https:\/\/sunsukoretreat.com\/de\/accommodation\/batik-premium\/\">\n\t<img loading=\"lazy\" decoding=\"async\" width=\"1800\" height=\"1200\" src=\"https:\/\/sunsukoretreat.com\/wp-content\/uploads\/2023\/10\/SSR-ROOMS-31-1800x1200-1.jpg\" class=\"attachment-post-thumbnail size-post-thumbnail wp-post-image\" alt=\"\" srcset=\"https:\/\/sunsukoretreat.com\/wp-content\/uploads\/2023\/10\/SSR-ROOMS-31-1800x1200-1.jpg 1800w, https:\/\/sunsukoretreat.com\/wp-content\/uploads\/2023\/10\/SSR-ROOMS-31-1800x1200-1-300x200.jpg 300w, https:\/\/sunsukoretreat.com\/wp-content\/uploads\/2023\/10\/SSR-ROOMS-31-1800x1200-1-1024x683.jpg 1024w, https:\/\/sunsukoretreat.com\/wp-content\/uploads\/2023\/10\/SSR-ROOMS-31-1800x1200-1-768x512.jpg 768w, https:\/\/sunsukoretreat.com\/wp-content\/uploads\/2023\/10\/SSR-ROOMS-31-1800x1200-1-1536x1024.jpg 1536w, https:\/\/sunsukoretreat.com\/wp-content\/uploads\/2023\/10\/SSR-ROOMS-31-1800x1200-1-600x400.jpg 600w, https:\/\/sunsukoretreat.com\/wp-content\/uploads\/2023\/10\/SSR-ROOMS-31-1800x1200-1-700x467.jpg 700w\" sizes=\"(max-width: 1800px) 100vw, 1800px\" \/>\t<\/a>\n\n\t<\/p>\n\n<h2 class=\"mphb-room-type-title entry-title\">\n\n<a class=\"mphb-room-type-title\" href=\"https:\/\/sunsukoretreat.com\/de\/accommodation\/batik-premium\/\">Batik Premium<\/a>\n\n<\/h2>\n\n<p>Unser Batik Zimmer auf der 2. Etage ist sehr ger\u00e4umig. Vom grossen privaten Balkon aus, haben sie eine atemberaubende Aussicht auf die wundersch\u00f6ne Bergkette und das gesamte Resort.  Das Zimmer verf\u00fcgt \u00fcber ein au\u00dfergew\u00f6hnliches Innenbad mit orientalischem Touch. <\/p>\n\n\n<h3 class=\"mphb-room-type-details-title\">Details<\/h3><ul class=\"mphb-loop-room-type-attributes\">\n\n\n\t<li class=\"mphb-room-type-adults-capacity\"><span class=\"mphb-attribute-title mphb-adults-title\">Erwachsene:<\/span><span class=\"mphb-attribute-value\">\n\t2\n\t<\/span><\/li>\n\n\n\n\t<li class=\"mphb-room-type-facilities\"><span class=\"mphb-attribute-title mphb-facilities-title\">Ausstattungen:<\/span><span class=\"mphb-attribute-value\"> <span class=\"facility-heisses-wasser\"><a href=\"https:\/\/sunsukoretreat.com\/de\/accommodation-facility\/heisses-wasser\/\">Hei\u00dfes Wasser<\/a><\/span>, <span class=\"facility-klimageraet\"><a href=\"https:\/\/sunsukoretreat.com\/de\/accommodation-facility\/klimageraet\/\">Klimager\u00e4t<\/a><\/span>, <span class=\"facility-kuhlschrank\"><a href=\"https:\/\/sunsukoretreat.com\/de\/accommodation-facility\/kuhlschrank\/\">K\u00fchlschrank<\/a><\/span><\/span><\/li>\n\n\n\n\t<li class=\"mphb-room-type-view\"><span class=\"mphb-attribute-title mphb-view-title\">Ansicht:<\/span><span class=\"mphb-attribute-value\">\n\tPool, Bergblick\n\t<\/span><\/li>\n\n\n\n\t<li class=\"mphb-room-type-size\"><span class=\"mphb-attribute-title mphb-size-title\">Gr\u00f6\u00dfe:<\/span><span class=\"mphb-attribute-value\">\n\t65m\u00b2\n\t<\/span><\/li>\n\n\n\t<li class=\"mphb-room-type-bed-type\"><span  class=\"mphb-attribute-title mphb-bed-type-title\">Bettentyp:<\/span><span class=\"mphb-attribute-value\">\n\tKing bed\n\t<\/span><\/li>\n\n\n\t<li class=\"mphb-room-type-categories\"><span class=\"mphb-attribute-title mphb-categories-title\">Kategorien:<\/span><span class=\"mphb-attribute-value\"> <span class=\"category-premium-room-de-2\"><a href=\"https:\/\/sunsukoretreat.com\/de\/accommodation-category\/premium-room-de-2\/\">Premium Room<\/a><\/span><\/span><\/li>\n\n<\/ul>\n\n<p class=\"mphb-view-details-button-wrapper\">\n<a class=\"button mphb-view-details-button\" href=\"https:\/\/sunsukoretreat.com\/de\/accommodation\/batik-premium\/\" >Details ansehen<\/a>\n<\/p>\r\n<div class=\"mphb-to-book-btn-wrapper\">\r\n<form action=\"https:\/\/sunsukoretreat.com\/de\/accommodation\/batik-premium\/#booking-form-4445\" method=\"get\" ><button type=\"submit\" class=\"button mphb-book-button\" >Buchen<\/button><\/form>\r\n<br\/><\/div>\n\t\n<\/div>\n\n\n<div class=\"mphb-room-type post-4461 mphb_room_type type-mphb_room_type status-publish has-post-thumbnail mphb_room_type_category-premium-room-de-2 mphb_room_type_facility-heisses-wasser mphb_room_type_facility-klimageraet mphb_room_type_facility-kuhlschrank entry mphb-room-type-adults-2 mphb-room-type-children-0 \">\n\n\t\n\t\n\n\t<p class=\"post-thumbnail mphb-loop-room-thumbnail\">\n\t<a href=\"https:\/\/sunsukoretreat.com\/de\/accommodation\/owl-premium\/\">\n\t<img loading=\"lazy\" decoding=\"async\" width=\"1800\" height=\"1200\" src=\"https:\/\/sunsukoretreat.com\/wp-content\/uploads\/2023\/10\/OWL-96-1800x1200-1.jpg\" class=\"attachment-post-thumbnail size-post-thumbnail wp-post-image\" alt=\"\" srcset=\"https:\/\/sunsukoretreat.com\/wp-content\/uploads\/2023\/10\/OWL-96-1800x1200-1.jpg 1800w, https:\/\/sunsukoretreat.com\/wp-content\/uploads\/2023\/10\/OWL-96-1800x1200-1-300x200.jpg 300w, https:\/\/sunsukoretreat.com\/wp-content\/uploads\/2023\/10\/OWL-96-1800x1200-1-1024x683.jpg 1024w, https:\/\/sunsukoretreat.com\/wp-content\/uploads\/2023\/10\/OWL-96-1800x1200-1-768x512.jpg 768w, https:\/\/sunsukoretreat.com\/wp-content\/uploads\/2023\/10\/OWL-96-1800x1200-1-1536x1024.jpg 1536w, https:\/\/sunsukoretreat.com\/wp-content\/uploads\/2023\/10\/OWL-96-1800x1200-1-600x400.jpg 600w, https:\/\/sunsukoretreat.com\/wp-content\/uploads\/2023\/10\/OWL-96-1800x1200-1-700x467.jpg 700w\" sizes=\"(max-width: 1800px) 100vw, 1800px\" \/>\t<\/a>\n\n\t<\/p>\n\n<h2 class=\"mphb-room-type-title entry-title\">\n\n<a class=\"mphb-room-type-title\" href=\"https:\/\/sunsukoretreat.com\/de\/accommodation\/owl-premium\/\">Owl Premium<\/a>\n\n<\/h2>\n\n<p>Unser Eulen Zimmer befindet sich im 2. Stock und ist der Nachbau eines alten traditionellen Holz-Hauses aus (recyceltemTeakholz). Der Holzboden verleiht diesem Zimmer ein gem\u00fctliches und warmes Ambiente. Mit einem Doppelbett ist dieses Zimmer f\u00fcr Paare oder beste Freunde geeignet. Das ger\u00e4umige Badezimmer kombiniert Holz und Natursteine mit tollem Blick auf das resort und die berge.<\/p>\n\n\n<h3 class=\"mphb-room-type-details-title\">Details<\/h3><ul class=\"mphb-loop-room-type-attributes\">\n\n\n\t<li class=\"mphb-room-type-adults-capacity\"><span class=\"mphb-attribute-title mphb-adults-title\">Erwachsene:<\/span><span class=\"mphb-attribute-value\">\n\t2\n\t<\/span><\/li>\n\n\n\n\t<li class=\"mphb-room-type-facilities\"><span class=\"mphb-attribute-title mphb-facilities-title\">Ausstattungen:<\/span><span class=\"mphb-attribute-value\"> <span class=\"facility-heisses-wasser\"><a href=\"https:\/\/sunsukoretreat.com\/de\/accommodation-facility\/heisses-wasser\/\">Hei\u00dfes Wasser<\/a><\/span>, <span class=\"facility-klimageraet\"><a href=\"https:\/\/sunsukoretreat.com\/de\/accommodation-facility\/klimageraet\/\">Klimager\u00e4t<\/a><\/span>, <span class=\"facility-kuhlschrank\"><a href=\"https:\/\/sunsukoretreat.com\/de\/accommodation-facility\/kuhlschrank\/\">K\u00fchlschrank<\/a><\/span><\/span><\/li>\n\n\n\n\t<li class=\"mphb-room-type-view\"><span class=\"mphb-attribute-title mphb-view-title\">Ansicht:<\/span><span class=\"mphb-attribute-value\">\n\tPool, Blick auf einen H\u00fcgel\n\t<\/span><\/li>\n\n\n\n\t<li class=\"mphb-room-type-size\"><span class=\"mphb-attribute-title mphb-size-title\">Gr\u00f6\u00dfe:<\/span><span class=\"mphb-attribute-value\">\n\t65m\u00b2\n\t<\/span><\/li>\n\n\n\t<li class=\"mphb-room-type-bed-type\"><span  class=\"mphb-attribute-title mphb-bed-type-title\">Bettentyp:<\/span><span class=\"mphb-attribute-value\">\n\tQueen bed\n\t<\/span><\/li>\n\n\n\t<li class=\"mphb-room-type-categories\"><span class=\"mphb-attribute-title mphb-categories-title\">Kategorien:<\/span><span class=\"mphb-attribute-value\"> <span class=\"category-premium-room-de-2\"><a href=\"https:\/\/sunsukoretreat.com\/de\/accommodation-category\/premium-room-de-2\/\">Premium Room<\/a><\/span><\/span><\/li>\n\n<\/ul>\n\n<p class=\"mphb-view-details-button-wrapper\">\n<a class=\"button mphb-view-details-button\" href=\"https:\/\/sunsukoretreat.com\/de\/accommodation\/owl-premium\/\" >Details ansehen<\/a>\n<\/p>\r\n<div class=\"mphb-to-book-btn-wrapper\">\r\n<form action=\"https:\/\/sunsukoretreat.com\/de\/accommodation\/owl-premium\/#booking-form-4461\" method=\"get\" ><button type=\"submit\" class=\"button mphb-book-button\" >Buchen<\/button><\/form>\r\n<br\/><\/div>\n\t\n<\/div>\n\n<\/div><\/div><\/div><\/div><\/div>","protected":false},"excerpt":{"rendered":"","protected":false},"author":1,"featured_media":0,"parent":0,"menu_order":0,"comment_status":"closed","ping_status":"closed","template":"","meta":{"inline_featured_image":false,"_genesis_hide_title":false,"_genesis_hide_breadcrumbs":false,"_genesis_hide_singular_image":false,"_genesis_hide_footer_widgets":false,"_genesis_custom_body_class":"","_genesis_custom_post_class":"","_genesis_layout":"","footnotes":""},"class_list":{"0":"post-4476","1":"page","2":"type-page","3":"status-publish","5":"entry"},"featured_image_src":null,"featured_image_src_square":null,"_links":{"self":[{"href":"https:\/\/sunsukoretreat.com\/de\/wp-json\/wp\/v2\/pages\/4476"}],"collection":[{"href":"https:\/\/sunsukoretreat.com\/de\/wp-json\/wp\/v2\/pages"}],"about":[{"href":"https:\/\/sunsukoretreat.com\/de\/wp-json\/wp\/v2\/types\/page"}],"author":[{"embeddable":true,"href":"https:\/\/sunsukoretreat.com\/de\/wp-json\/wp\/v2\/users\/1"}],"replies":[{"embeddable":true,"href":"https:\/\/sunsukoretreat.com\/de\/wp-json\/wp\/v2\/comments?post=4476"}],"version-history":[{"count":3,"href":"https:\/\/sunsukoretreat.com\/de\/wp-json\/wp\/v2\/pages\/4476\/revisions"}],"predecessor-version":[{"id":4479,"href":"https:\/\/sunsukoretreat.com\/de\/wp-json\/wp\/v2\/pages\/4476\/revisions\/4479"}],"wp:attachment":[{"href":"https:\/\/sunsukoretreat.com\/de\/wp-json\/wp\/v2\/media?parent=4476"}],"curies":[{"name":"wp","href":"https:\/\/api.w.org\/{rel}","templated":true}]}}