{"id":4472,"date":"2023-11-20T13:35:35","date_gmt":"2023-11-20T13:35:35","guid":{"rendered":"https:\/\/sunsukoretreat.com\/supreme\/"},"modified":"2024-04-24T06:48:25","modified_gmt":"2024-04-24T06:48:25","slug":"supreme","status":"publish","type":"page","link":"https:\/\/sunsukoretreat.com\/de\/supreme\/","title":{"rendered":"Supreme"},"content":{"rendered":"<div style=\"height:100px\" aria-hidden=\"true\" class=\"wp-block-spacer spacex\"><\/div><div class=\"wp-block-genesis-blocks-gb-columns gb-layout-columns-1 one-column gb-columns-center\" style=\"margin-top:2px;margin-bottom:2px;padding-top:2px;padding-right:1px;padding-bottom:2px;padding-left:2px\"><div class=\"gb-layout-column-wrap gb-block-layout-column-gap-2 gb-is-responsive-column\" style=\"max-width:900px\"><div class=\"wp-block-genesis-blocks-gb-column gb-block-layout-column\"><div class=\"gb-block-layout-column-inner\"><div class=\"mphb_sc_rooms-wrapper mphb-room-types \">\n<div class=\"mphb-room-type post-4462 mphb_room_type type-mphb_room_type status-publish has-post-thumbnail mphb_room_type_category-supreme-room-de-2 mphb_room_type_facility-heisses-wasser mphb_room_type_facility-klimageraet mphb_room_type_facility-kuhlschrank entry mphb-room-type-adults-2 mphb-room-type-children-0 \">\n\n\t\n\t\n\n\t<p class=\"post-thumbnail mphb-loop-room-thumbnail\">\n\t<a href=\"https:\/\/sunsukoretreat.com\/de\/accommodation\/purity-supreme\/\">\n\t<img loading=\"lazy\" decoding=\"async\" width=\"2560\" height=\"1706\" src=\"https:\/\/sunsukoretreat.com\/wp-content\/uploads\/2023\/09\/4H7A4529-thumb-scaled.jpg\" class=\"attachment-post-thumbnail size-post-thumbnail wp-post-image\" alt=\"\" srcset=\"https:\/\/sunsukoretreat.com\/wp-content\/uploads\/2023\/09\/4H7A4529-thumb-scaled.jpg 2560w, https:\/\/sunsukoretreat.com\/wp-content\/uploads\/2023\/09\/4H7A4529-thumb-300x200.jpg 300w, https:\/\/sunsukoretreat.com\/wp-content\/uploads\/2023\/09\/4H7A4529-thumb-1024x682.jpg 1024w, https:\/\/sunsukoretreat.com\/wp-content\/uploads\/2023\/09\/4H7A4529-thumb-768x512.jpg 768w, https:\/\/sunsukoretreat.com\/wp-content\/uploads\/2023\/09\/4H7A4529-thumb-1536x1024.jpg 1536w, https:\/\/sunsukoretreat.com\/wp-content\/uploads\/2023\/09\/4H7A4529-thumb-2048x1365.jpg 2048w, https:\/\/sunsukoretreat.com\/wp-content\/uploads\/2023\/09\/4H7A4529-thumb-600x400.jpg 600w, https:\/\/sunsukoretreat.com\/wp-content\/uploads\/2023\/09\/4H7A4529-thumb-700x467.jpg 700w\" sizes=\"(max-width: 2560px) 100vw, 2560px\" \/>\t<\/a>\n\n\t<\/p>\n\n<h2 class=\"mphb-room-type-title entry-title\">\n\n<a class=\"mphb-room-type-title\" href=\"https:\/\/sunsukoretreat.com\/de\/accommodation\/purity-supreme\/\">Purity Supreme<\/a>\n\n<\/h2>\n\n<p>Unser ger\u00e4umiges Purity-Zimmer ist mit sanften Farbt\u00f6nen dekoriert, um eine gem\u00fctliche Entspannungsatmosph\u00e4re zu schaffen. Das ger\u00e4umige Badezimmer bietet eine Freiluftdusche und ein Doppelwaschbecken.<\/p>\n\n\n<h3 class=\"mphb-room-type-details-title\">Details<\/h3><ul class=\"mphb-loop-room-type-attributes\">\n    <li class=\"mphb-room-type-total-capacity\"><span class=\"mphb-attribute-title mphb-total-capacity-title\">G\u00e4ste:<\/span><span class=\"mphb-attribute-value\">\n    2\n    <\/span><\/li>\n\n\n\n\t<li class=\"mphb-room-type-facilities\"><span class=\"mphb-attribute-title mphb-facilities-title\">Ausstattungen:<\/span><span class=\"mphb-attribute-value\"> <span class=\"facility-heisses-wasser\"><a href=\"https:\/\/sunsukoretreat.com\/de\/accommodation-facility\/heisses-wasser\/\">Hei\u00dfes Wasser<\/a><\/span>, <span class=\"facility-klimageraet\"><a href=\"https:\/\/sunsukoretreat.com\/de\/accommodation-facility\/klimageraet\/\">Klimager\u00e4t<\/a><\/span>, <span class=\"facility-kuhlschrank\"><a href=\"https:\/\/sunsukoretreat.com\/de\/accommodation-facility\/kuhlschrank\/\">K\u00fchlschrank<\/a><\/span><\/span><\/li>\n\n\n\n\t<li class=\"mphb-room-type-view\"><span class=\"mphb-attribute-title mphb-view-title\">Ansicht:<\/span><span class=\"mphb-attribute-value\">\n\tPool\n\t<\/span><\/li>\n\n\n\n\t<li class=\"mphb-room-type-size\"><span class=\"mphb-attribute-title mphb-size-title\">Gr\u00f6\u00dfe:<\/span><span class=\"mphb-attribute-value\">\n\t65m\u00b2\n\t<\/span><\/li>\n\n\n\t<li class=\"mphb-room-type-bed-type\"><span  class=\"mphb-attribute-title mphb-bed-type-title\">Bettentyp:<\/span><span class=\"mphb-attribute-value\">\n\tKing or Twin bed\n\t<\/span><\/li>\n\n\n\t<li class=\"mphb-room-type-categories\"><span class=\"mphb-attribute-title mphb-categories-title\">Kategorien:<\/span><span class=\"mphb-attribute-value\"> <span class=\"category-supreme-room-de-2\"><a href=\"https:\/\/sunsukoretreat.com\/de\/accommodation-category\/supreme-room-de-2\/\">Supreme Room<\/a><\/span><\/span><\/li>\n\n<\/ul>\n\n<p class=\"mphb-view-details-button-wrapper\">\n<a class=\"button mphb-view-details-button\" href=\"https:\/\/sunsukoretreat.com\/de\/accommodation\/purity-supreme\/\" >Details ansehen<\/a>\n<\/p>\r\n<div class=\"mphb-to-book-btn-wrapper\">\r\n<form action=\"https:\/\/sunsukoretreat.com\/de\/accommodation\/purity-supreme\/#booking-form-4462\" method=\"get\" ><button type=\"submit\" class=\"button mphb-book-button\" >Buchen<\/button><\/form>\r\n<br\/><\/div>\n\t\n<\/div>\n\n\n<div class=\"mphb-room-type post-4463 mphb_room_type type-mphb_room_type status-publish has-post-thumbnail mphb_room_type_category-supreme-room-de-2 mphb_room_type_facility-heisses-wasser mphb_room_type_facility-klimageraet mphb_room_type_facility-kuhlschrank entry mphb-room-type-adults-2 mphb-room-type-children-0 \">\n\n\t\n\t\n\n\t<p class=\"post-thumbnail mphb-loop-room-thumbnail\">\n\t<a href=\"https:\/\/sunsukoretreat.com\/de\/accommodation\/kijang-supreme\/\">\n\t<img loading=\"lazy\" decoding=\"async\" width=\"1400\" height=\"933\" src=\"https:\/\/sunsukoretreat.com\/wp-content\/uploads\/2023\/09\/north-bali-hotel-yoga-retreat-kijang-supreme-room-023-1.jpg\" class=\"attachment-post-thumbnail size-post-thumbnail wp-post-image\" alt=\"\" srcset=\"https:\/\/sunsukoretreat.com\/wp-content\/uploads\/2023\/09\/north-bali-hotel-yoga-retreat-kijang-supreme-room-023-1.jpg 1400w, https:\/\/sunsukoretreat.com\/wp-content\/uploads\/2023\/09\/north-bali-hotel-yoga-retreat-kijang-supreme-room-023-1-300x200.jpg 300w, https:\/\/sunsukoretreat.com\/wp-content\/uploads\/2023\/09\/north-bali-hotel-yoga-retreat-kijang-supreme-room-023-1-1024x682.jpg 1024w, https:\/\/sunsukoretreat.com\/wp-content\/uploads\/2023\/09\/north-bali-hotel-yoga-retreat-kijang-supreme-room-023-1-768x512.jpg 768w, https:\/\/sunsukoretreat.com\/wp-content\/uploads\/2023\/09\/north-bali-hotel-yoga-retreat-kijang-supreme-room-023-1-600x400.jpg 600w, https:\/\/sunsukoretreat.com\/wp-content\/uploads\/2023\/09\/north-bali-hotel-yoga-retreat-kijang-supreme-room-023-1-700x467.jpg 700w\" sizes=\"(max-width: 1400px) 100vw, 1400px\" \/>\t<\/a>\n\n\t<\/p>\n\n<h2 class=\"mphb-room-type-title entry-title\">\n\n<a class=\"mphb-room-type-title\" href=\"https:\/\/sunsukoretreat.com\/de\/accommodation\/kijang-supreme\/\">Kijang Supreme<\/a>\n\n<\/h2>\n\n<p>Unser ger\u00e4umiges und farbenfrohes Hirsch-Zimmer hat eine sehr w\u00e4rmende und luftige Atmosph\u00e4re. Das ger\u00e4umige Badezimmer bietet eine Freiluftdusche und ein Doppelwaschbecken. Bester Ausblick ist garantiert, da sich das Zimmer in der Mitte vom Resort befindet.<\/p>\n\n\n<h3 class=\"mphb-room-type-details-title\">Details<\/h3><ul class=\"mphb-loop-room-type-attributes\">\n    <li class=\"mphb-room-type-total-capacity\"><span class=\"mphb-attribute-title mphb-total-capacity-title\">G\u00e4ste:<\/span><span class=\"mphb-attribute-value\">\n    2\n    <\/span><\/li>\n\n\n\n\t<li class=\"mphb-room-type-facilities\"><span class=\"mphb-attribute-title mphb-facilities-title\">Ausstattungen:<\/span><span class=\"mphb-attribute-value\"> <span class=\"facility-heisses-wasser\"><a href=\"https:\/\/sunsukoretreat.com\/de\/accommodation-facility\/heisses-wasser\/\">Hei\u00dfes Wasser<\/a><\/span>, <span class=\"facility-klimageraet\"><a href=\"https:\/\/sunsukoretreat.com\/de\/accommodation-facility\/klimageraet\/\">Klimager\u00e4t<\/a><\/span>, <span class=\"facility-kuhlschrank\"><a href=\"https:\/\/sunsukoretreat.com\/de\/accommodation-facility\/kuhlschrank\/\">K\u00fchlschrank<\/a><\/span><\/span><\/li>\n\n\n\n\t<li class=\"mphb-room-type-view\"><span class=\"mphb-attribute-title mphb-view-title\">Ansicht:<\/span><span class=\"mphb-attribute-value\">\n\tPool\n\t<\/span><\/li>\n\n\n\n\t<li class=\"mphb-room-type-size\"><span class=\"mphb-attribute-title mphb-size-title\">Gr\u00f6\u00dfe:<\/span><span class=\"mphb-attribute-value\">\n\t65m\u00b2\n\t<\/span><\/li>\n\n\n\t<li class=\"mphb-room-type-bed-type\"><span  class=\"mphb-attribute-title mphb-bed-type-title\">Bettentyp:<\/span><span class=\"mphb-attribute-value\">\n\tKing bed\n\t<\/span><\/li>\n\n\n\t<li class=\"mphb-room-type-categories\"><span class=\"mphb-attribute-title mphb-categories-title\">Kategorien:<\/span><span class=\"mphb-attribute-value\"> <span class=\"category-supreme-room-de-2\"><a href=\"https:\/\/sunsukoretreat.com\/de\/accommodation-category\/supreme-room-de-2\/\">Supreme Room<\/a><\/span><\/span><\/li>\n\n<\/ul>\n\n<p class=\"mphb-view-details-button-wrapper\">\n<a class=\"button mphb-view-details-button\" href=\"https:\/\/sunsukoretreat.com\/de\/accommodation\/kijang-supreme\/\" >Details ansehen<\/a>\n<\/p>\r\n<div class=\"mphb-to-book-btn-wrapper\">\r\n<form action=\"https:\/\/sunsukoretreat.com\/de\/accommodation\/kijang-supreme\/#booking-form-4463\" method=\"get\" ><button type=\"submit\" class=\"button mphb-book-button\" >Buchen<\/button><\/form>\r\n<br\/><\/div>\n\t\n<\/div>\n\n\n<div class=\"mphb-room-type post-4464 mphb_room_type type-mphb_room_type status-publish has-post-thumbnail mphb_room_type_category-supreme-room-de-2 mphb_room_type_facility-heisses-wasser mphb_room_type_facility-klimageraet mphb_room_type_facility-kuhlschrank entry mphb-room-type-adults-2 mphb-room-type-children-0 \">\n\n\t\n\t\n\n\t<p class=\"post-thumbnail mphb-loop-room-thumbnail\">\n\t<a href=\"https:\/\/sunsukoretreat.com\/de\/accommodation\/lovers-supreme\/\">\n\t<img loading=\"lazy\" decoding=\"async\" width=\"1400\" height=\"934\" src=\"https:\/\/sunsukoretreat.com\/wp-content\/uploads\/2023\/09\/north-bali-hotel-yoga-retreat-lover-supreme-room-036-1.jpg\" class=\"attachment-post-thumbnail size-post-thumbnail wp-post-image\" alt=\"\" srcset=\"https:\/\/sunsukoretreat.com\/wp-content\/uploads\/2023\/09\/north-bali-hotel-yoga-retreat-lover-supreme-room-036-1.jpg 1400w, https:\/\/sunsukoretreat.com\/wp-content\/uploads\/2023\/09\/north-bali-hotel-yoga-retreat-lover-supreme-room-036-1-300x200.jpg 300w, https:\/\/sunsukoretreat.com\/wp-content\/uploads\/2023\/09\/north-bali-hotel-yoga-retreat-lover-supreme-room-036-1-1024x683.jpg 1024w, https:\/\/sunsukoretreat.com\/wp-content\/uploads\/2023\/09\/north-bali-hotel-yoga-retreat-lover-supreme-room-036-1-768x512.jpg 768w, https:\/\/sunsukoretreat.com\/wp-content\/uploads\/2023\/09\/north-bali-hotel-yoga-retreat-lover-supreme-room-036-1-600x400.jpg 600w, https:\/\/sunsukoretreat.com\/wp-content\/uploads\/2023\/09\/north-bali-hotel-yoga-retreat-lover-supreme-room-036-1-700x467.jpg 700w\" sizes=\"(max-width: 1400px) 100vw, 1400px\" \/>\t<\/a>\n\n\t<\/p>\n\n<h2 class=\"mphb-room-type-title entry-title\">\n\n<a class=\"mphb-room-type-title\" href=\"https:\/\/sunsukoretreat.com\/de\/accommodation\/lovers-supreme\/\">Lovers Supreme<\/a>\n\n<\/h2>\n\n<p>Unser Liebes-Zimmer ist f\u00fcr Turtelt\u00e4ubchen oder Hochzeitsreisende gedacht. Die rote Farbe im Zimmer verspr\u00fcht einen Hauch von w\u00e4rmender Liebe. Das sehr ger\u00e4umige Badezimmer hat eine Freiluftdusche. <\/p>\n\n\n<h3 class=\"mphb-room-type-details-title\">Details<\/h3><ul class=\"mphb-loop-room-type-attributes\">\n    <li class=\"mphb-room-type-total-capacity\"><span class=\"mphb-attribute-title mphb-total-capacity-title\">G\u00e4ste:<\/span><span class=\"mphb-attribute-value\">\n    2\n    <\/span><\/li>\n\n\n\n\t<li class=\"mphb-room-type-facilities\"><span class=\"mphb-attribute-title mphb-facilities-title\">Ausstattungen:<\/span><span class=\"mphb-attribute-value\"> <span class=\"facility-heisses-wasser\"><a href=\"https:\/\/sunsukoretreat.com\/de\/accommodation-facility\/heisses-wasser\/\">Hei\u00dfes Wasser<\/a><\/span>, <span class=\"facility-klimageraet\"><a href=\"https:\/\/sunsukoretreat.com\/de\/accommodation-facility\/klimageraet\/\">Klimager\u00e4t<\/a><\/span>, <span class=\"facility-kuhlschrank\"><a href=\"https:\/\/sunsukoretreat.com\/de\/accommodation-facility\/kuhlschrank\/\">K\u00fchlschrank<\/a><\/span><\/span><\/li>\n\n\n\n\t<li class=\"mphb-room-type-view\"><span class=\"mphb-attribute-title mphb-view-title\">Ansicht:<\/span><span class=\"mphb-attribute-value\">\n\tPool & Garten\n\t<\/span><\/li>\n\n\n\n\t<li class=\"mphb-room-type-size\"><span class=\"mphb-attribute-title mphb-size-title\">Gr\u00f6\u00dfe:<\/span><span class=\"mphb-attribute-value\">\n\t60m\u00b2\n\t<\/span><\/li>\n\n\n\t<li class=\"mphb-room-type-bed-type\"><span  class=\"mphb-attribute-title mphb-bed-type-title\">Bettentyp:<\/span><span class=\"mphb-attribute-value\">\n\tQueen bed\n\t<\/span><\/li>\n\n\n\t<li class=\"mphb-room-type-categories\"><span class=\"mphb-attribute-title mphb-categories-title\">Kategorien:<\/span><span class=\"mphb-attribute-value\"> <span class=\"category-supreme-room-de-2\"><a href=\"https:\/\/sunsukoretreat.com\/de\/accommodation-category\/supreme-room-de-2\/\">Supreme Room<\/a><\/span><\/span><\/li>\n\n<\/ul>\n\n<p class=\"mphb-view-details-button-wrapper\">\n<a class=\"button mphb-view-details-button\" href=\"https:\/\/sunsukoretreat.com\/de\/accommodation\/lovers-supreme\/\" >Details ansehen<\/a>\n<\/p>\r\n<div class=\"mphb-to-book-btn-wrapper\">\r\n<form action=\"https:\/\/sunsukoretreat.com\/de\/accommodation\/lovers-supreme\/#booking-form-4464\" method=\"get\" ><button type=\"submit\" class=\"button mphb-book-button\" >Buchen<\/button><\/form>\r\n<br\/><\/div>\n\t\n<\/div>\n\n<\/div><\/div><\/div><\/div><\/div>","protected":false},"excerpt":{"rendered":"","protected":false},"author":1,"featured_media":0,"parent":0,"menu_order":0,"comment_status":"closed","ping_status":"closed","template":"","meta":{"inline_featured_image":false,"_genesis_hide_title":false,"_genesis_hide_breadcrumbs":false,"_genesis_hide_singular_image":false,"_genesis_hide_footer_widgets":false,"_genesis_custom_body_class":"","_genesis_custom_post_class":"","_genesis_layout":"","footnotes":""},"class_list":{"0":"post-4472","1":"page","2":"type-page","3":"status-publish","5":"entry"},"featured_image_src":null,"featured_image_src_square":null,"_links":{"self":[{"href":"https:\/\/sunsukoretreat.com\/de\/wp-json\/wp\/v2\/pages\/4472"}],"collection":[{"href":"https:\/\/sunsukoretreat.com\/de\/wp-json\/wp\/v2\/pages"}],"about":[{"href":"https:\/\/sunsukoretreat.com\/de\/wp-json\/wp\/v2\/types\/page"}],"author":[{"embeddable":true,"href":"https:\/\/sunsukoretreat.com\/de\/wp-json\/wp\/v2\/users\/1"}],"replies":[{"embeddable":true,"href":"https:\/\/sunsukoretreat.com\/de\/wp-json\/wp\/v2\/comments?post=4472"}],"version-history":[{"count":3,"href":"https:\/\/sunsukoretreat.com\/de\/wp-json\/wp\/v2\/pages\/4472\/revisions"}],"predecessor-version":[{"id":4475,"href":"https:\/\/sunsukoretreat.com\/de\/wp-json\/wp\/v2\/pages\/4472\/revisions\/4475"}],"wp:attachment":[{"href":"https:\/\/sunsukoretreat.com\/de\/wp-json\/wp\/v2\/media?parent=4472"}],"curies":[{"name":"wp","href":"https:\/\/api.w.org\/{rel}","templated":true}]}}