{"id":4468,"date":"2023-11-20T13:36:16","date_gmt":"2023-11-20T13:36:16","guid":{"rendered":"https:\/\/sunsukoretreat.com\/suite\/"},"modified":"2024-04-24T06:48:01","modified_gmt":"2024-04-24T06:48:01","slug":"suite","status":"publish","type":"page","link":"https:\/\/sunsukoretreat.com\/de\/suite\/","title":{"rendered":"Suite"},"content":{"rendered":"<div style=\"height:100px\" aria-hidden=\"true\" class=\"wp-block-spacer spacex\"><\/div><div class=\"wp-block-genesis-blocks-gb-columns gb-layout-columns-1 one-column gb-columns-center\" style=\"margin-top:2px;margin-bottom:2px;padding-top:2px;padding-right:1px;padding-bottom:2px;padding-left:2px\"><div class=\"gb-layout-column-wrap gb-block-layout-column-gap-2 gb-is-responsive-column\" style=\"max-width:900px\"><div class=\"wp-block-genesis-blocks-gb-column gb-block-layout-column\"><div class=\"gb-block-layout-column-inner\"><div class=\"mphb_sc_rooms-wrapper mphb-room-types \">\n<div class=\"mphb-room-type post-4443 mphb_room_type type-mphb_room_type status-publish has-post-thumbnail mphb_room_type_category-suite-de-2 mphb_room_type_facility-heisses-wasser mphb_room_type_facility-klimageraet mphb_room_type_facility-kuhlschrank entry mphb-room-type-adults-4 mphb-room-type-children-0 \">\n\n\t\n\t\n\n\t<p class=\"post-thumbnail mphb-loop-room-thumbnail\">\n\t<a href=\"https:\/\/sunsukoretreat.com\/de\/accommodation\/queen-suite\/\">\n\t<img loading=\"lazy\" decoding=\"async\" width=\"1800\" height=\"1200\" src=\"https:\/\/sunsukoretreat.com\/wp-content\/uploads\/2023\/10\/SSR-ROOMS-12-1800x1200-1.jpg\" class=\"attachment-post-thumbnail size-post-thumbnail wp-post-image\" alt=\"\" srcset=\"https:\/\/sunsukoretreat.com\/wp-content\/uploads\/2023\/10\/SSR-ROOMS-12-1800x1200-1.jpg 1800w, https:\/\/sunsukoretreat.com\/wp-content\/uploads\/2023\/10\/SSR-ROOMS-12-1800x1200-1-300x200.jpg 300w, https:\/\/sunsukoretreat.com\/wp-content\/uploads\/2023\/10\/SSR-ROOMS-12-1800x1200-1-1024x683.jpg 1024w, https:\/\/sunsukoretreat.com\/wp-content\/uploads\/2023\/10\/SSR-ROOMS-12-1800x1200-1-768x512.jpg 768w, https:\/\/sunsukoretreat.com\/wp-content\/uploads\/2023\/10\/SSR-ROOMS-12-1800x1200-1-1536x1024.jpg 1536w, https:\/\/sunsukoretreat.com\/wp-content\/uploads\/2023\/10\/SSR-ROOMS-12-1800x1200-1-600x400.jpg 600w, https:\/\/sunsukoretreat.com\/wp-content\/uploads\/2023\/10\/SSR-ROOMS-12-1800x1200-1-700x467.jpg 700w\" sizes=\"(max-width: 1800px) 100vw, 1800px\" \/>\t<\/a>\n\n\t<\/p>\n\n<h2 class=\"mphb-room-type-title entry-title\">\n\n<a class=\"mphb-room-type-title\" href=\"https:\/\/sunsukoretreat.com\/de\/accommodation\/queen-suite\/\">Queen Suite<\/a>\n\n<\/h2>\n\n<p>Unsere Queen Suite ist f\u00fcr eine Familie geeignet und verf\u00fcgt \u00fcber ein Doppel-Bett und zwei Einzelbetten. Dieses Zimmer befindet sich im zweiten Stock und ist gr\u00f6\u00dftenteils aus altem, recyceltem Teakholz gebaut. Das majest\u00e4tische Badezimmer mit einem goldenen Touch von Marmor und Mosaik bietet ein Doppelwaschbecken. Von Ihrem grossen privaten Balkon aus k\u00f6nnen Sie die herrliche Aussicht auf die Bergkette genie\u00dfen.<\/p>\n\n\n<h3 class=\"mphb-room-type-details-title\">Details<\/h3><ul class=\"mphb-loop-room-type-attributes\">\n    <li class=\"mphb-room-type-total-capacity\"><span class=\"mphb-attribute-title mphb-total-capacity-title\">G\u00e4ste:<\/span><span class=\"mphb-attribute-value\">\n    4\n    <\/span><\/li>\n\n\n\n\t<li class=\"mphb-room-type-facilities\"><span class=\"mphb-attribute-title mphb-facilities-title\">Ausstattungen:<\/span><span class=\"mphb-attribute-value\"> <span class=\"facility-heisses-wasser\"><a href=\"https:\/\/sunsukoretreat.com\/de\/accommodation-facility\/heisses-wasser\/\">Hei\u00dfes Wasser<\/a><\/span>, <span class=\"facility-klimageraet\"><a href=\"https:\/\/sunsukoretreat.com\/de\/accommodation-facility\/klimageraet\/\">Klimager\u00e4t<\/a><\/span>, <span class=\"facility-kuhlschrank\"><a href=\"https:\/\/sunsukoretreat.com\/de\/accommodation-facility\/kuhlschrank\/\">K\u00fchlschrank<\/a><\/span><\/span><\/li>\n\n\n\n\t<li class=\"mphb-room-type-view\"><span class=\"mphb-attribute-title mphb-view-title\">Ansicht:<\/span><span class=\"mphb-attribute-value\">\n\tPool, Blick auf die berge\n\t<\/span><\/li>\n\n\n\n\t<li class=\"mphb-room-type-size\"><span class=\"mphb-attribute-title mphb-size-title\">Gr\u00f6\u00dfe:<\/span><span class=\"mphb-attribute-value\">\n\t80m\u00b2\n\t<\/span><\/li>\n\n\n\t<li class=\"mphb-room-type-bed-type\"><span  class=\"mphb-attribute-title mphb-bed-type-title\">Bettentyp:<\/span><span class=\"mphb-attribute-value\">\n\tKing + Single Bed\n\t<\/span><\/li>\n\n\n\t<li class=\"mphb-room-type-categories\"><span class=\"mphb-attribute-title mphb-categories-title\">Kategorien:<\/span><span class=\"mphb-attribute-value\"> <span class=\"category-suite-de-2\"><a href=\"https:\/\/sunsukoretreat.com\/de\/accommodation-category\/suite-de-2\/\">Suite<\/a><\/span><\/span><\/li>\n\n<\/ul>\n\n<p class=\"mphb-view-details-button-wrapper\">\n<a class=\"button mphb-view-details-button\" href=\"https:\/\/sunsukoretreat.com\/de\/accommodation\/queen-suite\/\" >Details ansehen<\/a>\n<\/p>\r\n<div class=\"mphb-to-book-btn-wrapper\">\r\n<form action=\"https:\/\/sunsukoretreat.com\/de\/accommodation\/queen-suite\/#booking-form-4443\" method=\"get\" ><button type=\"submit\" class=\"button mphb-book-button\" >Buchen<\/button><\/form>\r\n<br\/><\/div>\n\t\n<\/div>\n\n\n<div class=\"mphb-room-type post-4444 mphb_room_type type-mphb_room_type status-publish has-post-thumbnail mphb_room_type_category-suite-de-2 mphb_room_type_facility-heisses-wasser mphb_room_type_facility-klimageraet mphb_room_type_facility-kuhlschrank entry mphb-room-type-adults-4 mphb-room-type-children-0 \">\n\n\t\n\t\n\n\t<p class=\"post-thumbnail mphb-loop-room-thumbnail\">\n\t<a href=\"https:\/\/sunsukoretreat.com\/de\/accommodation\/bird-suite\/\">\n\t<img loading=\"lazy\" decoding=\"async\" width=\"1800\" height=\"1200\" src=\"https:\/\/sunsukoretreat.com\/wp-content\/uploads\/2023\/10\/SSR-ROOMS-80-1800x1200-1.jpg\" class=\"attachment-post-thumbnail size-post-thumbnail wp-post-image\" alt=\"\" srcset=\"https:\/\/sunsukoretreat.com\/wp-content\/uploads\/2023\/10\/SSR-ROOMS-80-1800x1200-1.jpg 1800w, https:\/\/sunsukoretreat.com\/wp-content\/uploads\/2023\/10\/SSR-ROOMS-80-1800x1200-1-300x200.jpg 300w, https:\/\/sunsukoretreat.com\/wp-content\/uploads\/2023\/10\/SSR-ROOMS-80-1800x1200-1-1024x683.jpg 1024w, https:\/\/sunsukoretreat.com\/wp-content\/uploads\/2023\/10\/SSR-ROOMS-80-1800x1200-1-768x512.jpg 768w, https:\/\/sunsukoretreat.com\/wp-content\/uploads\/2023\/10\/SSR-ROOMS-80-1800x1200-1-1536x1024.jpg 1536w, https:\/\/sunsukoretreat.com\/wp-content\/uploads\/2023\/10\/SSR-ROOMS-80-1800x1200-1-600x400.jpg 600w, https:\/\/sunsukoretreat.com\/wp-content\/uploads\/2023\/10\/SSR-ROOMS-80-1800x1200-1-700x467.jpg 700w\" sizes=\"(max-width: 1800px) 100vw, 1800px\" \/>\t<\/a>\n\n\t<\/p>\n\n<h2 class=\"mphb-room-type-title entry-title\">\n\n<a class=\"mphb-room-type-title\" href=\"https:\/\/sunsukoretreat.com\/de\/accommodation\/bird-suite\/\">Bird Suite<\/a>\n\n<\/h2>\n\n<p>Unser ger\u00e4umigstes Zimmer in unserem Resort ist mit 99 m2 sehr gut f\u00fcr eine Familie geeignet. Es hat ein grosses Doppel-Bett und 2 Einzelbetten. Dieses Zimmer befindet sich im zweiten Stock und ist gr\u00f6\u00dftenteils aus recyceltem Teakholz gebaut und der Boden besteht aus Java-Fliesen. Dieses Zimmer verf\u00fcgt \u00fcber ein ger\u00e4umiges Badezimmer mit Zugang von beiden Seiten. Auf dem grossen Balkon k\u00f6nnen Sie die sch\u00f6ne Aussicht auf die Berge genie\u00dfen, w\u00e4hrend Sie auf den Sonnenliegen entspannen k\u00f6nnen.<\/p>\n\n\n<h3 class=\"mphb-room-type-details-title\">Details<\/h3><ul class=\"mphb-loop-room-type-attributes\">\n    <li class=\"mphb-room-type-total-capacity\"><span class=\"mphb-attribute-title mphb-total-capacity-title\">G\u00e4ste:<\/span><span class=\"mphb-attribute-value\">\n    4\n    <\/span><\/li>\n\n\n\n\t<li class=\"mphb-room-type-facilities\"><span class=\"mphb-attribute-title mphb-facilities-title\">Ausstattungen:<\/span><span class=\"mphb-attribute-value\"> <span class=\"facility-heisses-wasser\"><a href=\"https:\/\/sunsukoretreat.com\/de\/accommodation-facility\/heisses-wasser\/\">Hei\u00dfes Wasser<\/a><\/span>, <span class=\"facility-klimageraet\"><a href=\"https:\/\/sunsukoretreat.com\/de\/accommodation-facility\/klimageraet\/\">Klimager\u00e4t<\/a><\/span>, <span class=\"facility-kuhlschrank\"><a href=\"https:\/\/sunsukoretreat.com\/de\/accommodation-facility\/kuhlschrank\/\">K\u00fchlschrank<\/a><\/span><\/span><\/li>\n\n\n\n\t<li class=\"mphb-room-type-view\"><span class=\"mphb-attribute-title mphb-view-title\">Ansicht:<\/span><span class=\"mphb-attribute-value\">\n\tPool, Blick auf die Berge\n\t<\/span><\/li>\n\n\n\n\t<li class=\"mphb-room-type-size\"><span class=\"mphb-attribute-title mphb-size-title\">Gr\u00f6\u00dfe:<\/span><span class=\"mphb-attribute-value\">\n\t99m\u00b2\n\t<\/span><\/li>\n\n\n\t<li class=\"mphb-room-type-bed-type\"><span  class=\"mphb-attribute-title mphb-bed-type-title\">Bettentyp:<\/span><span class=\"mphb-attribute-value\">\n\tKing + 2 Single Beds\n\t<\/span><\/li>\n\n\n\t<li class=\"mphb-room-type-categories\"><span class=\"mphb-attribute-title mphb-categories-title\">Kategorien:<\/span><span class=\"mphb-attribute-value\"> <span class=\"category-suite-de-2\"><a href=\"https:\/\/sunsukoretreat.com\/de\/accommodation-category\/suite-de-2\/\">Suite<\/a><\/span><\/span><\/li>\n\n<\/ul>\n\n<p class=\"mphb-view-details-button-wrapper\">\n<a class=\"button mphb-view-details-button\" href=\"https:\/\/sunsukoretreat.com\/de\/accommodation\/bird-suite\/\" >Details ansehen<\/a>\n<\/p>\r\n<div class=\"mphb-to-book-btn-wrapper\">\r\n<form action=\"https:\/\/sunsukoretreat.com\/de\/accommodation\/bird-suite\/#booking-form-4444\" method=\"get\" ><button type=\"submit\" class=\"button mphb-book-button\" >Buchen<\/button><\/form>\r\n<br\/><\/div>\n\t\n<\/div>\n\n<\/div><\/div><\/div><\/div><\/div>","protected":false},"excerpt":{"rendered":"","protected":false},"author":1,"featured_media":0,"parent":0,"menu_order":0,"comment_status":"closed","ping_status":"closed","template":"","meta":{"inline_featured_image":false,"_genesis_hide_title":false,"_genesis_hide_breadcrumbs":false,"_genesis_hide_singular_image":false,"_genesis_hide_footer_widgets":false,"_genesis_custom_body_class":"","_genesis_custom_post_class":"","_genesis_layout":"","footnotes":""},"class_list":{"0":"post-4468","1":"page","2":"type-page","3":"status-publish","5":"entry"},"featured_image_src":null,"featured_image_src_square":null,"_links":{"self":[{"href":"https:\/\/sunsukoretreat.com\/de\/wp-json\/wp\/v2\/pages\/4468"}],"collection":[{"href":"https:\/\/sunsukoretreat.com\/de\/wp-json\/wp\/v2\/pages"}],"about":[{"href":"https:\/\/sunsukoretreat.com\/de\/wp-json\/wp\/v2\/types\/page"}],"author":[{"embeddable":true,"href":"https:\/\/sunsukoretreat.com\/de\/wp-json\/wp\/v2\/users\/1"}],"replies":[{"embeddable":true,"href":"https:\/\/sunsukoretreat.com\/de\/wp-json\/wp\/v2\/comments?post=4468"}],"version-history":[{"count":3,"href":"https:\/\/sunsukoretreat.com\/de\/wp-json\/wp\/v2\/pages\/4468\/revisions"}],"predecessor-version":[{"id":4471,"href":"https:\/\/sunsukoretreat.com\/de\/wp-json\/wp\/v2\/pages\/4468\/revisions\/4471"}],"wp:attachment":[{"href":"https:\/\/sunsukoretreat.com\/de\/wp-json\/wp\/v2\/media?parent=4468"}],"curies":[{"name":"wp","href":"https:\/\/api.w.org\/{rel}","templated":true}]}}