{"id":4457,"date":"2024-03-24T06:08:07","date_gmt":"2024-03-24T06:08:07","guid":{"rendered":"https:\/\/sunsukoretreat.com\/4-naechte-yoga-retreat\/"},"modified":"2025-01-06T04:23:57","modified_gmt":"2025-01-06T04:23:57","slug":"4-naechte-yoga-retreat","status":"publish","type":"page","link":"https:\/\/sunsukoretreat.com\/de\/4-naechte-yoga-retreat\/","title":{"rendered":"4 N\u00e4chte Yoga Retreat"},"content":{"rendered":"<div class=\"wp-block-genesis-blocks-gb-columns arya-hero-header gb-layout-columns-1 gb-1-col-equal gb-has-custom-background-color gb-has-custom-text-color gb-columns-center alignfull\" style=\"background-color:#ededed;color:#ffffff;background-position:52% 60%\"><div class=\"gb-layout-column-wrap gb-block-layout-column-gap-3 gb-is-responsive-column\" style=\"max-width:1600px\"><div class=\"wp-block-genesis-blocks-gb-column gb-block-layout-column\"><div class=\"gb-block-layout-column-inner\"><h2 class=\"wp-block-heading has-text-align-center has-text-color\" style=\"color:#ffffff;font-size:54px;line-height:1.2\"><div aria-live=\"polite\" id=\"soliloquy-container-487\" class=\"soliloquy-container soliloquy-transition-fade  soliloquy-theme-base\" style=\"max-width:1600px;max-height:900px;\"><ul id=\"soliloquy-487\" class=\"soliloquy-slider soliloquy-slides soliloquy-wrap soliloquy-clear\"><li aria-hidden=\"true\" class=\"soliloquy-item soliloquy-item-1 soliloquy-image-slide\" draggable=\"false\" style=\"list-style:none\"><img decoding=\"async\" id=\"soliloquy-image-1534\" class=\"soliloquy-image soliloquy-image-1\" src=\"https:\/\/sunsukoretreat.com\/wp-content\/uploads\/2024\/02\/4H7A5091-1-scaled-1600x900_c.jpg\" alt=\"4H7A5091-1\" \/><\/li><li aria-hidden=\"true\" class=\"soliloquy-item soliloquy-item-2 soliloquy-image-slide\" draggable=\"false\" style=\"list-style:none\"><img decoding=\"async\" id=\"soliloquy-image-1531\" class=\"soliloquy-image soliloquy-image-2\" src=\"https:\/\/sunsukoretreat.com\/wp-content\/uploads\/2024\/02\/YOGA-1-1600x900_c.jpg\" alt=\"YOGA-1\" \/><\/li><li aria-hidden=\"true\" class=\"soliloquy-item soliloquy-item-3 soliloquy-image-slide\" draggable=\"false\" style=\"list-style:none\"><img decoding=\"async\" id=\"soliloquy-image-1529\" class=\"soliloquy-image soliloquy-image-3\" src=\"https:\/\/sunsukoretreat.com\/wp-content\/uploads\/2024\/02\/4H7A5077-scaled-1600x900_c.jpg\" alt=\"4H7A5077\" \/><\/li><li aria-hidden=\"true\" class=\"soliloquy-item soliloquy-item-4 soliloquy-image-slide\" draggable=\"false\" style=\"list-style:none\"><img decoding=\"async\" id=\"soliloquy-image-1547\" class=\"soliloquy-image soliloquy-image-4\" src=\"https:\/\/sunsukoretreat.com\/wp-content\/uploads\/2024\/02\/SSR-ROOMS-109-1600x900_c.jpg\" alt=\"SSR-ROOMS-109\" \/><\/li><\/ul><\/div><noscript><style type=\"text\/css\">#soliloquy-container-487{opacity:1}<\/style><\/noscript><\/h2><\/div><\/div><\/div><\/div><div class=\"wp-block-genesis-blocks-gb-columns gpb-altitude-section-text-image-columns gb-layout-columns-1 gb-1-col-equal gb-has-custom-background-color gb-has-custom-text-color gb-columns-center alignfull\" style=\"padding-top:6em;padding-right:1em;padding-bottom:6em;padding-left:1em;background-color:#ededed;color:#1f1f1f\"><div class=\"gb-layout-column-wrap gb-block-layout-column-gap-2 gb-is-responsive-column\" style=\"max-width:1200px\"><div class=\"wp-block-genesis-blocks-gb-column gb-block-layout-column\"><div class=\"gb-block-layout-column-inner\"><h2 class=\"wp-block-heading\"><strong>4 N\u00e4chte Yoga-Retreat<\/strong> &#8211; Ab $450<\/h2>\n\n<p><strong>KULTUR-, AKTIV- UND ENTSPANNUNGSPAKET<\/strong><\/p>\n\n<ul class=\"wp-block-list\"><li>  Willkommensgetr\u00e4nk, Erfrischungstuch und Obstkorb auf dem Zimmer<\/li>\n\n<li>  4 \u00dcbernachtungen im Deluxe-Zimmer inklusive Fr\u00fchst\u00fcck<\/li>\n\n<li> Tags\u00fcber kostenloses Wasser und Tee<\/li>\n\n<li>  1 Mal 60 Minuten balinesische Massage<\/li>\n\n<li>  1 Mal Kochkurs inklusive Abendessen<\/li>\n\n<li>  1 Mal Batu kursi Tempel sanftes Trekking mit Blick auf den Sonnenuntergang<\/li>\n\n<li>  1 Mal Tempeltour<\/li><\/ul>\n\n<hr class=\"wp-block-separator has-text-color has-theme-secondary-color has-alpha-channel-opacity has-theme-secondary-background-color has-background is-style-wide\"\/>\n\n<div style=\"height:30px\" aria-hidden=\"true\" class=\"wp-block-spacer\"><\/div>\n\n<p><strong>PAKET YOGA UND SPIRITUELLES WOHLBEFINDEN<\/strong><\/p>\n\n<ul class=\"wp-block-list\"><li>  Willkommensgetr\u00e4nk, Erfrischungstuch und Obstkorb auf dem Zimmer<\/li>\n\n<li>  4 \u00dcbernachtungen im Deluxe-Zimmer inklusive Fr\u00fchst\u00fcck<\/li>\n\n<li> 4 Mal t\u00e4glich ein Entgiftungsdrink am Morgen<\/li>\n\n<li> Tags\u00fcber kostenloses Wasser und Tee<\/li>\n\n<li>  1 Mal 60 Minuten balinesische Massage<\/li>\n\n<li>  1 Mal Batu kursi Tempel sanftes Trekking mit Blick auf den Sonnenuntergang<\/li>\n\n<li>  1 Mal Tempelbesuch und Weihwasserreinigung<\/li>\n\n<li>  4 Mal t\u00e4glich Yogaunterricht &amp; Meditation (1,5 Stunden)  <\/li><\/ul>\n\n<hr class=\"wp-block-separator has-text-color has-theme-secondary-color has-alpha-channel-opacity has-theme-secondary-background-color has-background is-style-wide\"\/>\n\n<div style=\"height:30px\" aria-hidden=\"true\" class=\"wp-block-spacer\"><\/div>\n\n<p><strong>YOGA UND AKTIV-PAKET<\/strong><\/p>\n\n<ul class=\"wp-block-list\"><li>  Willkommensgetr\u00e4nk, Erfrischungstuch und Obstkorb auf dem Zimmer<\/li>\n\n<li>  4 \u00dcbernachtungen im Deluxe-Zimmer inklusive Fr\u00fchst\u00fcck<\/li>\n\n<li>  3 Mal t\u00e4glich ein gesunder Schuss am Morgen<\/li>\n\n<li>  1 Mal frisches Kokosnusswasser zur Entgiftung und Mineralisierung Ihres K\u00f6rpers<\/li>\n\n<li> Tags\u00fcber kostenloses Wasser und Tee<\/li>\n\n<li>  1 Mal 60 Minuten balinesische Massage<\/li>\n\n<li>  1 Mal Schnorcheln auf der Insel Menjangan<\/li>\n\n<li>  1 Mal Batu kursi Tempel sanftes Trekking mit Blick auf den Sonnenuntergang<\/li>\n\n<li>  4 Mal t\u00e4glich Yogaunterricht &amp; Meditation (1,5 Stunden)  <\/li><\/ul>\n\n<hr class=\"wp-block-separator has-text-color has-theme-secondary-color has-alpha-channel-opacity has-theme-secondary-background-color has-background is-style-wide\"\/>\n\n<div style=\"height:30px\" aria-hidden=\"true\" class=\"wp-block-spacer\"><\/div>\n\n<p><strong>R\u00dcCKZUGSORT F\u00dcR K\u00d6RPER &amp; SEELE PAKET<\/strong><\/p>\n\n<ul class=\"wp-block-list\"><li>  Willkommensgetr\u00e4nk, Erfrischungstuch und Obstkorb auf dem Zimmer<\/li>\n\n<li>  4 \u00dcbernachtungen im Deluxe-Zimmer inklusive Fr\u00fchst\u00fcck<\/li>\n\n<li> 4 Mal t\u00e4glich ein Entgiftungsdrink am Morgen<\/li>\n\n<li> Tags\u00fcber kostenloses Wasser und Tee<\/li>\n\n<li>  1 Mal 60 Minuten balinesische Massage<\/li>\n\n<li>  1 Mal 90 Minuten Lymphdrainage-Massage<\/li>\n\n<li>  1 Mal Tempelbesuch und Weihwasserreinigung<\/li>\n\n<li>  4 Mal t\u00e4glich Yogaunterricht &amp; Meditation (1,5 Stunden)<\/li><\/ul><\/div><\/div><\/div><\/div><div class=\"wp-block-genesis-blocks-gb-columns gb-slate-section-text-with-cta gb-slate-text-with-cta gb-layout-columns-1 gb-1-col-equal gb-has-background-dim gb-has-background-dim-30 has-white-background-color gb-has-custom-text-color gb-columns-center alignfull\" style=\"padding-top:9em;padding-right:1em;padding-bottom:9em;padding-left:1em;color:#f5f5f5;background-position:50% 52%\"><div class=\"gb-layout-column-wrap gb-block-layout-column-gap-3 gb-is-responsive-column\" style=\"max-width:872px\"><div class=\"wp-block-genesis-blocks-gb-column gb-block-layout-column\"><div class=\"gb-block-layout-column-inner\"><h2 class=\"wp-block-heading has-text-align-center has-theme-secondary-color has-text-color\" style=\"font-size:40px\">Kontaktieren Sie uns jetzt<\/h2>\n\n<p class=\"has-text-align-center has-theme-secondary-color has-text-color\">Stellen Sie sich Ihr eigenes Paket zusammen, mit zus\u00e4tzlichen Besichtigungen auf der Reise!<br\/>Fragen Sie uns nach dem Last-Minute-Preis.<\/p>\n\n<div class=\"wp-block-buttons is-horizontal is-content-justification-center is-layout-flex wp-container-core-buttons-is-layout-1 wp-block-buttons-is-layout-flex\"><div class=\"wp-block-button\"><a class=\"wp-block-button__link has-theme-secondary-background-color has-text-color has-background wp-element-button\" href=\"https:\/\/wa.me\/6281339009029\" style=\"border-radius:4px;color:#ffffff\" target=\"_blank\" rel=\"noreferrer noopener\">\u00fcber <strong>Whatsapp<\/strong> chatten<\/a><\/div>\n\n<div class=\"wp-block-button\"><a class=\"wp-block-button__link has-theme-secondary-background-color has-text-color has-background wp-element-button\" href=\"mailto:contact@sunsukoretreat.com\" style=\"border-radius:4px;color:#ffffff\" target=\"_blank\" rel=\"noreferrer noopener\"><strong>E-Mail<\/strong> senden<\/a><\/div><\/div><\/div><\/div><\/div><\/div>","protected":false},"excerpt":{"rendered":"","protected":false},"author":1,"featured_media":3950,"parent":0,"menu_order":0,"comment_status":"closed","ping_status":"closed","template":"","meta":{"inline_featured_image":false,"_genesis_hide_title":false,"_genesis_hide_breadcrumbs":false,"_genesis_hide_singular_image":false,"_genesis_hide_footer_widgets":false,"_genesis_custom_body_class":"","_genesis_custom_post_class":"","_genesis_layout":"","footnotes":""},"class_list":{"0":"post-4457","1":"page","2":"type-page","3":"status-publish","4":"has-post-thumbnail","6":"entry"},"featured_image_src":"https:\/\/sunsukoretreat.com\/wp-content\/uploads\/2024\/03\/sun-suko-retreat-restauran-north-bali-hotel-pemuteran-600x400.jpg","featured_image_src_square":"https:\/\/sunsukoretreat.com\/wp-content\/uploads\/2024\/03\/sun-suko-retreat-restauran-north-bali-hotel-pemuteran-600x600.jpg","_links":{"self":[{"href":"https:\/\/sunsukoretreat.com\/de\/wp-json\/wp\/v2\/pages\/4457"}],"collection":[{"href":"https:\/\/sunsukoretreat.com\/de\/wp-json\/wp\/v2\/pages"}],"about":[{"href":"https:\/\/sunsukoretreat.com\/de\/wp-json\/wp\/v2\/types\/page"}],"author":[{"embeddable":true,"href":"https:\/\/sunsukoretreat.com\/de\/wp-json\/wp\/v2\/users\/1"}],"replies":[{"embeddable":true,"href":"https:\/\/sunsukoretreat.com\/de\/wp-json\/wp\/v2\/comments?post=4457"}],"version-history":[{"count":9,"href":"https:\/\/sunsukoretreat.com\/de\/wp-json\/wp\/v2\/pages\/4457\/revisions"}],"predecessor-version":[{"id":5992,"href":"https:\/\/sunsukoretreat.com\/de\/wp-json\/wp\/v2\/pages\/4457\/revisions\/5992"}],"wp:featuredmedia":[{"embeddable":true,"href":"https:\/\/sunsukoretreat.com\/de\/wp-json\/wp\/v2\/media\/3950"}],"wp:attachment":[{"href":"https:\/\/sunsukoretreat.com\/de\/wp-json\/wp\/v2\/media?parent=4457"}],"curies":[{"name":"wp","href":"https:\/\/api.w.org\/{rel}","templated":true}]}}