{"id":4454,"date":"2024-03-24T06:26:54","date_gmt":"2024-03-24T06:26:54","guid":{"rendered":"https:\/\/sunsukoretreat.com\/7-naechte-yoga-retreat\/"},"modified":"2025-01-06T04:28:55","modified_gmt":"2025-01-06T04:28:55","slug":"7-naechte-yoga-retreat","status":"publish","type":"page","link":"https:\/\/sunsukoretreat.com\/de\/7-naechte-yoga-retreat\/","title":{"rendered":"7 N\u00e4chte Yoga Retreat"},"content":{"rendered":"<div class=\"wp-block-genesis-blocks-gb-columns arya-hero-header gb-layout-columns-1 gb-1-col-equal gb-has-custom-background-color gb-columns-center alignfull\" style=\"background-color:#ededed;background-position:55.00000000000001% 62%\"><div class=\"gb-layout-column-wrap gb-block-layout-column-gap-0 gb-is-responsive-column\" style=\"max-width:1600px\"><div class=\"wp-block-genesis-blocks-gb-column gb-block-layout-column\"><div class=\"gb-block-layout-column-inner\"><h2 class=\"wp-block-heading has-text-align-center has-text-color\" style=\"color:#ffffff;font-size:54px;line-height:1.2\"><div aria-live=\"polite\" id=\"soliloquy-container-487\" class=\"soliloquy-container soliloquy-transition-fade  soliloquy-theme-base\" style=\"max-width:1600px;max-height:900px;\"><ul id=\"soliloquy-487\" class=\"soliloquy-slider soliloquy-slides soliloquy-wrap soliloquy-clear\"><li aria-hidden=\"true\" class=\"soliloquy-item soliloquy-item-1 soliloquy-image-slide\" draggable=\"false\" style=\"list-style:none\"><img decoding=\"async\" id=\"soliloquy-image-1534\" class=\"soliloquy-image soliloquy-image-1\" src=\"https:\/\/sunsukoretreat.com\/wp-content\/uploads\/2024\/02\/4H7A5091-1-scaled-1600x900_c.jpg\" alt=\"4H7A5091-1\" \/><\/li><li aria-hidden=\"true\" class=\"soliloquy-item soliloquy-item-2 soliloquy-image-slide\" draggable=\"false\" style=\"list-style:none\"><img decoding=\"async\" id=\"soliloquy-image-1531\" class=\"soliloquy-image soliloquy-image-2\" src=\"https:\/\/sunsukoretreat.com\/wp-content\/uploads\/2024\/02\/YOGA-1-1600x900_c.jpg\" alt=\"YOGA-1\" \/><\/li><li aria-hidden=\"true\" class=\"soliloquy-item soliloquy-item-3 soliloquy-image-slide\" draggable=\"false\" style=\"list-style:none\"><img decoding=\"async\" id=\"soliloquy-image-1529\" class=\"soliloquy-image soliloquy-image-3\" src=\"https:\/\/sunsukoretreat.com\/wp-content\/uploads\/2024\/02\/4H7A5077-scaled-1600x900_c.jpg\" alt=\"4H7A5077\" \/><\/li><li aria-hidden=\"true\" class=\"soliloquy-item soliloquy-item-4 soliloquy-image-slide\" draggable=\"false\" style=\"list-style:none\"><img decoding=\"async\" id=\"soliloquy-image-1547\" class=\"soliloquy-image soliloquy-image-4\" src=\"https:\/\/sunsukoretreat.com\/wp-content\/uploads\/2024\/02\/SSR-ROOMS-109-1600x900_c.jpg\" alt=\"SSR-ROOMS-109\" \/><\/li><\/ul><\/div><noscript><style type=\"text\/css\">#soliloquy-container-487{opacity:1}<\/style><\/noscript><\/h2><\/div><\/div><\/div><\/div><div class=\"wp-block-genesis-blocks-gb-columns gpb-altitude-section-text-image-columns gb-layout-columns-1 gb-1-col-equal gb-has-custom-background-color gb-has-custom-text-color gb-columns-center alignfull\" style=\"padding-top:6em;padding-right:1em;padding-bottom:6em;padding-left:1em;background-color:#ededed;color:#1f1f1f\"><div class=\"gb-layout-column-wrap gb-block-layout-column-gap-2 gb-is-responsive-column\" style=\"max-width:1200px\"><div class=\"wp-block-genesis-blocks-gb-column gb-block-layout-column\"><div class=\"gb-block-layout-column-inner\"><h2 class=\"wp-block-heading\"><strong>6-7 N\u00e4chte Yoga-Retreat<\/strong> &#8211; Start von $950<\/h2>\n\n<p><strong>6 N\u00c4CHTE YOGA-PAKET<\/strong><\/p>\n\n<ul class=\"wp-block-list\"><li>  Willkommensgetr\u00e4nk, Erfrischungstuch und Obstkorb auf dem Zimmer<\/li>\n\n<li>  6 \u00dcbernachtungen im Deluxe-Zimmer inklusive Fr\u00fchst\u00fcck<\/li>\n\n<li>  5 mal Halbpension (2-Gang-Abendessen)<\/li>\n\n<li>  1 Mal 60 Minuten balinesische Massage<\/li>\n\n<li>  1 Mal 60 Minuten Aromatherapie-Massage und K\u00f6rperpeeling<\/li>\n\n<li>  6 Mal Yogaunterricht &amp; Meditation (1,5 Stunden)  <\/li><\/ul>\n\n<div style=\"height:30px\" aria-hidden=\"true\" class=\"wp-block-spacer\"><\/div>\n\n<p><strong>7 N\u00c4CHTE YOGA-PAKET<\/strong><\/p>\n\n<ul class=\"wp-block-list\"><li>  Willkommensgetr\u00e4nk, Erfrischungstuch und Obstkorb auf dem Zimmer<\/li>\n\n<li>  7 \u00dcbernachtungen im Deluxe-Zimmer inklusive Fr\u00fchst\u00fcck<\/li>\n\n<li>  6 mal Halbpension (2-Gang-Abendessen)<\/li>\n\n<li>  T\u00e4glich frisches Kokosnusswasser zur Entgiftung und Mineralisierung Ihres K\u00f6rpers<\/li>\n\n<li> Tags\u00fcber kostenloses Wasser und Tee<\/li>\n\n<li>  1 Mal 60 Minuten Hot Stone Massage<\/li>\n\n<li>  1 Mal 60 Minuten Beauty-Gesichtsbehandlung oder Fu\u00dfreflexzonenmassage<\/li>\n\n<li>  90 Minuten Aromatherapie-Massage und K\u00f6rperpeeling<\/li>\n\n<li>  1 Mal Batu kursi soft trekking<\/li>\n\n<li>  7 Mal Yogaunterricht &amp; Meditation (1,5 Stunden)  <\/li><\/ul>\n\n<div style=\"height:30px\" aria-hidden=\"true\" class=\"wp-block-spacer\"><\/div>\n\n<p><strong>\u00dcBER UNSER 7 N\u00c4CHTE YOGA RETREAT<\/strong><\/p>\n\n<p>Unsere Philosophie ist, dass alles, was wir anbieten, eine M\u00f6glichkeit ist, sich inspirieren zu lassen, und dass jede Praxis ausprobiert werden kann, je nach den W\u00fcnschen und Bed\u00fcrfnissen des Einzelnen.<br\/>Sun Suko ist der perfekte Ort, um alles aus unseren verschiedenen Aktivit\u00e4ten zu kombinieren, was Ihnen gef\u00e4llt, oder einfach nur in einer friedlichen Umgebung zu entspannen.<\/p>\n\n<p>Wenn Sie Meditation erleben m\u00f6chten, haben Sie jetzt die Gelegenheit dazu!<br\/>Wir haben einen heiligen Raum geschaffen, einen speziellen Raum f\u00fcr das Eintauchen in die innere Stille direkt unter der Erdoberfl\u00e4che. Yoga-Anf\u00e4nger sind bei uns in guten H\u00e4nden. Unsere Lehrer werden Sie individuell anleiten und die Praxis an Ihre Bed\u00fcrfnisse anpassen.  <\/p>\n\n<p>Neben den t\u00e4glichen Yogastunden k\u00f6nnen unsere G\u00e4ste leckere und gesunde Mahlzeiten und energiespendende, leckere S\u00e4fte genie\u00dfen, die Ihnen zu einem bewussteren und ges\u00fcnderen Lebensstil verhelfen.<br\/>Es bleibt gen\u00fcgend Zeit f\u00fcr sanftes Trekking, Spazierg\u00e4nge am nahegelegenen Strand oder einfach ein Sonnenbad an unserem sch\u00f6nen Pool.<\/p>\n\n<p>Wir bieten auch eine Vielzahl von Massagen und Behandlungen zur Tiefenentspannung, zur Harmonisierung oder Revitalisierung von K\u00f6rper und Geist. Wir m\u00f6chten, dass Sie erfahren, dass ein gesunder Lebensstil etwas ist, das man erreichen kann, auch wenn der Alltag stressig ist. Wir unterst\u00fctzen Sie dabei, einfache Yoga- und Meditations\u00fcbungen zu integrieren, um das Gleichgewicht im Alltag zu halten.  <br\/><br\/>Ihre Zeit hier ist Ihre Bliss-Zeit und wir werden unser Bestes tun, um uns um Sie zu k\u00fcmmern, damit Ihr Aufenthalt hier im Sun Suko Retreat zu einer Ihrer sch\u00f6nsten Erinnerungen wird und Sie ausgeglichen, entspannt und mit neuer Inspiration nach Hause zur\u00fcckkehren.  <\/p>\n\n<hr class=\"wp-block-separator has-text-color has-theme-secondary-color has-alpha-channel-opacity has-theme-secondary-background-color has-background is-style-wide\"\/>\n\n<div style=\"height:30px\" aria-hidden=\"true\" class=\"wp-block-spacer\"><\/div>\n\n<p><strong>DETOX-PAKET<\/strong> <\/p>\n\n<ul class=\"wp-block-list\"><li>  Willkommensgetr\u00e4nk, Erfrischungstuch und Obstkorb auf dem Zimmer  <\/li>\n\n<li>  7 \u00dcbernachtungen im Deluxe-Zimmer inklusive Fr\u00fchst\u00fcck  <\/li>\n\n<li>  2 mal Halbpension mit basischem &amp; Detox-Di\u00e4t-Men\u00fc  <\/li>\n\n<li>  2 mal vegetarische Vollpension  <\/li>\n\n<li>  3 Tage Brei zur Auswahl oder individuelle Detox-Di\u00e4t  <\/li>\n\n<li> Zweimal t\u00e4glich ein Entgiftungsdrink morgens und abends <\/li>\n\n<li>  T\u00e4glich frisches Kokosnusswasser zur Entgiftung und Mineralisierung Ihres K\u00f6rpers  <\/li>\n\n<li> Tags\u00fcber kostenloses Wasser und Tee <\/li>\n\n<li>  1 Mal 60 Minuten Hot Stone Massage  <\/li>\n\n<li>  1 Mal 90 Minuten ayurvedische Entgiftungsmassage und Basenbad  <\/li>\n\n<li>  1 Mal 60 Minuten Nat\u00fcrliche Detox-Gesichtsbehandlung  <\/li>\n\n<li>  1 Mal 90 Minuten Detox-K\u00f6rperpeeling-Massage  <\/li>\n\n<li>  1 mal 60 Minuten Basisches Fu\u00dfritual Reflexzonenmassage  <\/li>\n\n<li>  1 Mal Tempelbesuch im heiligen Dschungel und Weihwasserreinigung  <\/li>\n\n<li>  1 Mal Batu kursi soft trekking  <\/li>\n\n<li>  7 Mal Yogaunterricht &amp; Meditation (1,5 Stunden)<\/li><\/ul>\n\n<div style=\"height:30px\" aria-hidden=\"true\" class=\"wp-block-spacer\"><\/div>\n\n<p><strong>\u00dcBER UNSER DETOX-RETREAT<\/strong><\/p>\n\n<p>In der Entgiftungswoche geht es in erster Linie darum, den K\u00f6rper in den Prozess der Ausscheidung von angesammelten Giftstoffen zu bringen. Was auch entgiftet wird, sind unser Geist und unsere Emotionen. Die Gedanken werden klarer, die Haut und Augen beginnen wieder zu strahlen.    <\/p>\n\n<p>Unser schneller westlicher Lebensstil l\u00e4sst uns oft keine Zeit, uns ausgewogen und gesund zu ern\u00e4hren. Oft essen wir unbewusst und im Stress. Die Folge ist Uebers\u00e4uerung, Schlappheit, Uebergewicht, Schlafst\u00f6rungen, Cellulite, ein geschw\u00e4chtes Immunsystem. Die Liste der Folgen ist lang und oft sind die Symptome des Ungleichgewichts mit kleinen Umstellungen in unserem Menu und der Art wie wir essen schon drastisch verbessert.     <\/p>\n\n<p>Eine Entgiftungswoche bringt viel Gutes und vorallem wieder Freude am Dasein und am eigenen K\u00f6rper.<\/p>\n\n<p>Im Sun Suko Retreat achten wir bei Entgiftungswochen auf eine besonders basische Ern\u00e4hrung, da Uebers\u00e4uerung eines der Hauptthemen der modernen Zivilisation ist.<\/p>\n\n<p>Basische Fr\u00fcchte und Gem\u00fcse, sowie S\u00e4fte formen den Hauptbestandteil. Wir verzichten auf Fleisch, Alkohol, Kaffee und Schwarztee, s\u00e4mtliche Nahrungsmittel, die Weizen enthalten, sowie alles was raffiniert ist. <\/p>\n\n<p>Je nach Bed\u00fcrfnis kann die ganze Woche nur Fl\u00fcssignahrung eingenommen werden oder der Menu Plan mit ein paar knackigen Salaten, Fisch oder magerem Huhn aufgepeppt werden. Wer noch nie eine Entgiftungskur gemacht hat, darf gerne mit uns eine der sanfteren Methoden aussuchen. Wir wollen schliesslich dem Stress entgegenwirken und nicht noch unn\u00f6tig mehr davon kreieren.<\/p>\n\n<p>Mit kleinen Wanderungen in die nahegelegenen Berge, von wo aus man die herrliche Aussicht auf den Ozean geniessen kann, lockern wir unser Programm auf. Ebenso bieten wir einen Tempelbesuch mit Reinigungszeremonie an. Die Reinigung wird mit heiligem Wasser von einem traditionellen Hindu Priester durchgef\u00fchrt und wirkt auf allen Ebenen. <\/p>\n\n<p>Im Zentrum der Entgiftungskur stehen Heilmassagen, Entgiftungspeelings, sowie alkalische Fuss,-und Gesamtb\u00e4der, um den Ents\u00e4uerungsprozess zu unterst\u00fctzen.<\/p>\n\n<p>T\u00e4gliche Yoga, und Meditations\u00fcbungen helfen bei der Regeneration und wirken auf der tieferen Ebene des Entgiftungsprozesses. Auch sollen sie uns helfen, eine neue und ges\u00fcndere Ausrichtung f\u00fcr den Alltag zu etablieren.  <\/p>\n\n<p>Das Ziel ist, dass der Gast mit einem erfrischten und gesunden Lebensgef\u00fchl wieder nach Hause f\u00e4hrt und dann kleine Ver\u00e4nderungen in den Alltag einbauen kann, damit er sich noch lange rundum wohl f\u00fchlt und langsam alte Gewohnheiten durch neue ersetzt.<\/p>\n\n<hr class=\"wp-block-separator has-text-color has-theme-secondary-color has-alpha-channel-opacity has-theme-secondary-background-color has-background is-style-wide\"\/>\n\n<div style=\"height:30px\" aria-hidden=\"true\" class=\"wp-block-spacer\"><\/div>\n\n<p><strong>WELLNESS-PAKET<\/strong><strong> <\/strong><\/p>\n\n<ul class=\"wp-block-list\"><li>Willkommensgetr\u00e4nk, Erfrischungstuch und Obstkorb auf dem Zimmer  <\/li>\n\n<li>7 \u00dcbernachtungen im Deluxe-Zimmer inklusive Fr\u00fchst\u00fcck  <\/li>\n\n<li>6 mal Halbpension (2-Gang-Abendessen)<\/li>\n\n<li>Zweimal t\u00e4glich ein Entgiftungsdrink morgens und abends <\/li>\n\n<li>T\u00e4glich frisches Kokosnusswasser zur Entgiftung und Mineralisierung Ihres K\u00f6rpers  <\/li>\n\n<li>Tags\u00fcber kostenloses Wasser und Tee <\/li>\n\n<li>1 Mal 60 Minuten Hot Stone Massage  <\/li>\n\n<li>1 Mal 90 Minuten Lymphdrainage-Massage  <\/li>\n\n<li>1 Mal 60 Minuten Beauty-Gesichtsbehandlung oder Fu\u00dfreflexzonenmassage  <\/li>\n\n<li>1 Mal 90 Minuten Aromatherapie-Massage und K\u00f6rperpeeling  <\/li>\n\n<li>1 Mal Tempelbesuch im heiligen Dschungel und Weihwasserreinigung  <\/li>\n\n<li>7 Mal Yogaunterricht &amp; Meditation (1,5 Stunden)  <\/li><\/ul>\n\n<div style=\"height:30px\" aria-hidden=\"true\" class=\"wp-block-spacer\"><\/div>\n\n<p><strong>\u00dcBER UNSER WELLNESS-RETREAT<\/strong><\/p>\n\n<p>Das Sun Suko Retreat befindet sich mitten in noch unber\u00fchrter Natur im Nordwesten von Bali. In einem kleinen Dorf zwischen Meer und heilig-sch\u00f6nen H\u00fcgeln gelegen, ist das Resort eine wahre Oase der Ruhe, an dem man so richtig die Seele baumeln lassen kann um wieder Kraft zu tanken.  <\/p>\n\n<p>Mit t\u00e4glichen Yoga,-und Meditations\u00fcbungen vitalisieren wir K\u00f6rper und Geist, der Schlaf verbessert sich und wir k\u00f6nnen die Ersch\u00f6pfung, welche das schnelle Leben mit sich bringt, hinter uns lassen. <\/p>\n\n<p>Durch gesundes und ausgewogenes Essen, lernen wir wieder auf die Bed\u00fcrfnisse unseres K\u00f6rpers einzugehen, ihn zu n\u00e4hren, und unser ganzes Sein wieder in einen Zustand des vollst\u00e4ndigen Wohlbefindens zu bringen.<\/p>\n\n<p>In unserem kleinen famili\u00e4ren Resort bieten wir auch eine Reihe von ausgew\u00e4hlten K\u00f6rperbehandlungen an. Vom gut riechenden K\u00f6rperpeeling, \u00fcber eine revitalisierende Gesichtsbehandlung, bis hin zur wohltuenden Ganzk\u00f6rpermassage, haben wir alles, was das Herz begehrt. <\/p>\n\n<p>Kleine Wanderungen in die umliegenden Berge mit Panorama Ausblick \u00fcber die Landschaft und den tiefblauen Ozean oder ein traditioneller Tempelbesuch mit Reinigungszeremonie, runden den ganzen Aufenthalt auch kulturell ab. <\/p>\n\n<p>Eine Wellness-Woche im Sun Suko Resort hat einen langfristigen positiven Effekt. Die angenehme Geschwindigkeit, mit der sich das Leben auf Bali abspielt, das k\u00f6stliche und gesunde Essen sowie die sanfte Yoga- und Meditationspraxis werden Ihr inneres Gl\u00fcck wiederherstellen. Sie werden mit einem neuen und erfrischten Lebensgef\u00fchl und einem verj\u00fcngten Selbst gehen<\/p>\n\n<hr class=\"wp-block-separator has-text-color has-theme-secondary-color has-alpha-channel-opacity has-theme-secondary-background-color has-background is-style-wide\"\/>\n\n<div style=\"height:30px\" aria-hidden=\"true\" class=\"wp-block-spacer\"><\/div>\n\n<p><strong>GANZHEITLICHES HEILUNGSRETREAT<\/strong> <\/p>\n\n<ul class=\"wp-block-list\"><li>Willkommensgetr\u00e4nk, Erfrischungstuch und Obstkorb auf dem Zimmer  <\/li>\n\n<li>8 \u00dcbernachtungen im Deluxe-Zimmer inklusive Fr\u00fchst\u00fcck  <\/li>\n\n<li>7 mal Halbpension (2-Gang-Abendessen)  <\/li>\n\n<li>Zweimal t\u00e4glich ein Entgiftungsdrink morgens und abends <\/li>\n\n<li>T\u00e4glich frisches Kokosnusswasser zur Entgiftung und Mineralisierung Ihres K\u00f6rpers  <\/li>\n\n<li>Tags\u00fcber kostenloses Wasser und Tee <\/li>\n\n<li>1 Mal 90 Minuten Lymphdrainage-Massage  <\/li>\n\n<li>3 Mal ganzheitliche Heilbehandlung  <\/li>\n\n<li>1 Mal Tempelbesuch im heiligen Dschungel und Weihwasserreinigung  <\/li>\n\n<li>1 Mal Batu Kursi Soft-Trekking mit Blick auf den Sonnenuntergang  <\/li>\n\n<li>8-mal Yogaunterricht &amp; Meditation (1,5 Stunden)  <\/li><\/ul>\n\n<div style=\"height:30px\" aria-hidden=\"true\" class=\"wp-block-spacer\"><\/div>\n\n<p><strong>\u00dcBER UNSERE GANZHEITLICHE HEILUNG<\/strong><br\/>Das Ziel unseres 8-t\u00e4gigen Retreats ist es, das Gleichgewicht zu finden, inneren Frieden herzustellen und ein Gef\u00fchl des Wohlbefindens zu erlangen.<br\/>In diesem Retreat liegt unser Hauptaugenmerk auf den ganzheitlichen Heilungsmodalit\u00e4ten, die wir ausgew\u00e4hlt haben, damit der Teilnehmer tief in sein Wesen, sein menschliches Energiefeld eindringen kann.<br\/><br\/>Akupressur und Yoga, Mediationstechniken, Wasser Shiatsu oder Hypnose Therapie, um nur ein paar Arten zu nennen, mit welchen wir den Heilprozess in Gang setzen. Es gilt, energetische Blockaden zu l\u00f6sen, k\u00f6rperliche Beschwerden diverser Ursache zu lindern, verschiedenen St\u00f6rungen entgegenzuwirken und alte, nicht l\u00e4nger n\u00fctzliche Verhaltensmuster an die Oberfl\u00e4che zu bringen. Das Ziel ist es, die Seele und den K\u00f6rper wieder zu harmonisieren und die Regenerationskr\u00e4fte zu aktivieren.<br\/><br\/>Um den Prozess etwas aufzulockern, bieten wir kleine Wanderungen in die nahegelegenen Berge an, von wo man eine wunderbare Aussicht geniessen kann. Auch einen besonderen Tempelbesuch mit Reinigungszeremonie durch heiliges Weihwasser steht auf dem Programm.<br\/><br\/>Wie die ganzheitlichen Therapiemethoden zusammengestellt werden und in welcher Reihenfolge, h\u00e4ngt von den Bed\u00fcrfnissen des Einzelnen ab. Wir bei Sun Suko unterst\u00fctzen jeden Teilnehmer darin, das richtige f\u00fcr sich zu entdecken, damit sich unsere sch\u00f6ne Oase inmitten der \u00fcppigen Natur tats\u00e4chlich als Quelle der Kraft und Regenerierung erweisen kann.<br\/><\/p><\/div><\/div><\/div><\/div><div class=\"wp-block-genesis-blocks-gb-columns gb-slate-section-text-with-cta gb-slate-text-with-cta gb-layout-columns-1 gb-1-col-equal gb-has-background-dim gb-has-background-dim-30 has-white-background-color has-theme-secondary-color gb-columns-center alignfull\" style=\"padding-top:9em;padding-right:1em;padding-bottom:9em;padding-left:1em;background-position:50% 52%\"><div class=\"gb-layout-column-wrap gb-block-layout-column-gap-3 gb-is-responsive-column\" style=\"max-width:872px\"><div class=\"wp-block-genesis-blocks-gb-column gb-block-layout-column\"><div class=\"gb-block-layout-column-inner\"><h2 class=\"wp-block-heading has-text-align-center has-theme-secondary-color has-text-color\" style=\"font-size:40px\">Kontaktieren Sie uns jetzt<\/h2>\n\n<p class=\"has-text-align-center has-theme-secondary-color has-text-color\">Stellen Sie sich Ihr eigenes Paket zusammen, mit zus\u00e4tzlichen Besichtigungen auf der Reise!<br\/>Fragen Sie uns nach dem Last-Minute-Preis.<\/p>\n\n<div class=\"wp-block-buttons is-horizontal is-content-justification-center is-layout-flex wp-container-core-buttons-is-layout-1 wp-block-buttons-is-layout-flex\"><div class=\"wp-block-button\"><a class=\"wp-block-button__link has-theme-secondary-background-color has-background wp-element-button\" href=\"https:\/\/wa.me\/6281339009029\" style=\"border-radius:4px\" target=\"_blank\" rel=\"noreferrer noopener\"><strong>\u00fcber <strong>Whatsapp<\/strong> chatten<\/strong><\/a><\/div>\n\n<div class=\"wp-block-button\"><a class=\"wp-block-button__link has-theme-secondary-background-color has-background wp-element-button\" href=\"mailto:contact@sunsukoretreat.com\" style=\"border-radius:4px\" target=\"_blank\" rel=\"noreferrer noopener\"><strong><strong>E-Mail<\/strong> senden<\/strong><\/a><\/div><\/div><\/div><\/div><\/div><\/div>","protected":false},"excerpt":{"rendered":"","protected":false},"author":1,"featured_media":3950,"parent":0,"menu_order":0,"comment_status":"closed","ping_status":"closed","template":"","meta":{"inline_featured_image":false,"_genesis_hide_title":false,"_genesis_hide_breadcrumbs":false,"_genesis_hide_singular_image":false,"_genesis_hide_footer_widgets":false,"_genesis_custom_body_class":"","_genesis_custom_post_class":"","_genesis_layout":"","footnotes":""},"class_list":{"0":"post-4454","1":"page","2":"type-page","3":"status-publish","4":"has-post-thumbnail","6":"entry"},"featured_image_src":"https:\/\/sunsukoretreat.com\/wp-content\/uploads\/2024\/03\/sun-suko-retreat-restauran-north-bali-hotel-pemuteran-600x400.jpg","featured_image_src_square":"https:\/\/sunsukoretreat.com\/wp-content\/uploads\/2024\/03\/sun-suko-retreat-restauran-north-bali-hotel-pemuteran-600x600.jpg","_links":{"self":[{"href":"https:\/\/sunsukoretreat.com\/de\/wp-json\/wp\/v2\/pages\/4454"}],"collection":[{"href":"https:\/\/sunsukoretreat.com\/de\/wp-json\/wp\/v2\/pages"}],"about":[{"href":"https:\/\/sunsukoretreat.com\/de\/wp-json\/wp\/v2\/types\/page"}],"author":[{"embeddable":true,"href":"https:\/\/sunsukoretreat.com\/de\/wp-json\/wp\/v2\/users\/1"}],"replies":[{"embeddable":true,"href":"https:\/\/sunsukoretreat.com\/de\/wp-json\/wp\/v2\/comments?post=4454"}],"version-history":[{"count":11,"href":"https:\/\/sunsukoretreat.com\/de\/wp-json\/wp\/v2\/pages\/4454\/revisions"}],"predecessor-version":[{"id":5993,"href":"https:\/\/sunsukoretreat.com\/de\/wp-json\/wp\/v2\/pages\/4454\/revisions\/5993"}],"wp:featuredmedia":[{"embeddable":true,"href":"https:\/\/sunsukoretreat.com\/de\/wp-json\/wp\/v2\/media\/3950"}],"wp:attachment":[{"href":"https:\/\/sunsukoretreat.com\/de\/wp-json\/wp\/v2\/media?parent=4454"}],"curies":[{"name":"wp","href":"https:\/\/api.w.org\/{rel}","templated":true}]}}