{"id":4436,"date":"2023-07-18T08:25:40","date_gmt":"2023-07-18T08:25:40","guid":{"rendered":"https:\/\/sunsukoretreat.com\/spa\/"},"modified":"2024-05-16T06:34:41","modified_gmt":"2024-05-16T06:34:41","slug":"spa","status":"publish","type":"page","link":"https:\/\/sunsukoretreat.com\/de\/spa\/","title":{"rendered":"Spa"},"content":{"rendered":"<div class=\"wp-block-genesis-blocks-gb-columns gpb-altitude-section-hero-header gb-layout-columns-1 gb-1-col-equal gb-has-background-dim gb-has-background-dim-50 gb-background-cover gb-background-no-repeat gb-has-custom-background-color gb-has-custom-text-color gb-columns-center alignfull\" style=\"padding-top:20em;padding-right:1em;padding-bottom:20em;padding-left:1em;background-color:#000000;color:#ffffff;background-image:url(https:\/\/sunsukoretreat.com\/wp-content\/uploads\/2023\/08\/massage-header.jpg);background-position:50% 6%\"><div class=\"gb-layout-column-wrap gb-block-layout-column-gap-3 gb-is-responsive-column\" style=\"max-width:872px\"><div class=\"wp-block-genesis-blocks-gb-column gb-block-layout-column\"><div class=\"gb-block-layout-column-inner\"><h2 class=\"wp-block-heading has-text-align-center has-text-color\" style=\"color:#ffffff;font-size:54px;line-height:1.2\"><\/h2>\n\n<div style=\"height:20px\" aria-hidden=\"true\" class=\"wp-block-spacer\"><\/div><\/div><\/div><\/div><\/div><div class=\"wp-block-genesis-blocks-gb-columns gpb-monochrome-section-text-and-image-columns gb-layout-columns-1 gb-1-col-equal gb-has-custom-background-color gb-has-custom-text-color gb-columns-center alignfull\" style=\"padding-top:5em;padding-right:1em;padding-bottom:5em;padding-left:1em;background-color:#ffffff;color:#1f1f1f\"><div class=\"gb-layout-column-wrap gb-block-layout-column-gap-3 gb-is-responsive-column\" style=\"max-width:1200px\"><div class=\"wp-block-genesis-blocks-gb-column gb-block-layout-column gb-is-vertically-aligned-center\"><div class=\"gb-block-layout-column-inner\"><p style=\"font-size:18px\">Da \u00d6kologie und Umweltschutz Teil unserer Philosophie sind, verwenden wir in unserem Spa ausschlie\u00dflich hausgemachte Produkte, die nur aus nat\u00fcrlichen Inhaltsstoffen bestehen. Zimt entfalten ihre Wirkung in unseren gl\u00e4ttenden K\u00f6rperpeelings. Das harmonisierende \u00d6l der Kerzennuss sorgt f\u00fcr ein entspanntes Hautgef\u00fchl und ist in unserer speziellen Gesichtsmaske enthalten.<\/p>\n\n<p style=\"font-size:18px\">Wir bieten traditionelle balinesische Massagen, Aromatherapie-Massagen, Reflexzonenmassagen, K\u00f6rperpeelings, K\u00f6rpermasken und tiefenentspannende Hot-Stone-Massagen, sowie kombinierte Sch\u00f6nheitspakete an. Unser geschultes Personal hei\u00dft Sie herzlich willkommen, eine Zeit der nachhaltigen Entspannung und des Wohlbefindens zu genie\u00dfen.<\/p>\n\n<div style=\"color:#ddd\" class=\"wp-block-genesis-blocks-gb-spacer gb-block-spacer gb-divider-solid gb-divider-size-1\"><hr style=\"height:50px\"><\/div>\n\n<figure class=\"wp-block-gallery has-nested-images columns-default is-cropped wp-block-gallery-1 is-layout-flex wp-block-gallery-is-layout-flex\"><figure class=\"wp-block-image size-large\"><a href=\"https:\/\/sunsukoretreat.com\/wp-content\/uploads\/2024\/02\/FLOWERBOWL-scaled.jpg\"><img loading=\"lazy\" decoding=\"async\" width=\"1024\" height=\"768\" src=\"https:\/\/sunsukoretreat.com\/wp-content\/uploads\/2024\/02\/FLOWERBOWL-1024x768.jpg\" alt=\"\" class=\"wp-image-1520\" srcset=\"https:\/\/sunsukoretreat.com\/wp-content\/uploads\/2024\/02\/FLOWERBOWL-1024x768.jpg 1024w, https:\/\/sunsukoretreat.com\/wp-content\/uploads\/2024\/02\/FLOWERBOWL-300x225.jpg 300w, https:\/\/sunsukoretreat.com\/wp-content\/uploads\/2024\/02\/FLOWERBOWL-768x576.jpg 768w, https:\/\/sunsukoretreat.com\/wp-content\/uploads\/2024\/02\/FLOWERBOWL-1536x1152.jpg 1536w, https:\/\/sunsukoretreat.com\/wp-content\/uploads\/2024\/02\/FLOWERBOWL-2048x1536.jpg 2048w, https:\/\/sunsukoretreat.com\/wp-content\/uploads\/2024\/02\/FLOWERBOWL-700x525.jpg 700w\" sizes=\"(max-width: 1024px) 100vw, 1024px\" \/><\/a><\/figure>\n\n<figure class=\"wp-block-image size-large\"><a href=\"https:\/\/sunsukoretreat.com\/wp-content\/uploads\/2024\/02\/Spa-treatmen.jpg\"><img loading=\"lazy\" decoding=\"async\" width=\"1024\" height=\"683\" src=\"https:\/\/sunsukoretreat.com\/wp-content\/uploads\/2024\/02\/Spa-treatmen-1024x683.jpg\" alt=\"\" class=\"wp-image-1514\" srcset=\"https:\/\/sunsukoretreat.com\/wp-content\/uploads\/2024\/02\/Spa-treatmen-1024x683.jpg 1024w, https:\/\/sunsukoretreat.com\/wp-content\/uploads\/2024\/02\/Spa-treatmen-300x200.jpg 300w, https:\/\/sunsukoretreat.com\/wp-content\/uploads\/2024\/02\/Spa-treatmen-768x512.jpg 768w, https:\/\/sunsukoretreat.com\/wp-content\/uploads\/2024\/02\/Spa-treatmen-1536x1025.jpg 1536w, https:\/\/sunsukoretreat.com\/wp-content\/uploads\/2024\/02\/Spa-treatmen-600x400.jpg 600w, https:\/\/sunsukoretreat.com\/wp-content\/uploads\/2024\/02\/Spa-treatmen-700x467.jpg 700w, https:\/\/sunsukoretreat.com\/wp-content\/uploads\/2024\/02\/Spa-treatmen.jpg 1838w\" sizes=\"(max-width: 1024px) 100vw, 1024px\" \/><\/a><\/figure>\n\n<figure class=\"wp-block-image size-large\"><a href=\"https:\/\/sunsukoretreat.com\/wp-content\/uploads\/2024\/02\/SPA-SCRUBS-scaled.jpg\"><img loading=\"lazy\" decoding=\"async\" width=\"1024\" height=\"768\" src=\"https:\/\/sunsukoretreat.com\/wp-content\/uploads\/2024\/02\/SPA-SCRUBS-1024x768.jpg\" alt=\"\" class=\"wp-image-1519\" srcset=\"https:\/\/sunsukoretreat.com\/wp-content\/uploads\/2024\/02\/SPA-SCRUBS-1024x768.jpg 1024w, https:\/\/sunsukoretreat.com\/wp-content\/uploads\/2024\/02\/SPA-SCRUBS-300x225.jpg 300w, https:\/\/sunsukoretreat.com\/wp-content\/uploads\/2024\/02\/SPA-SCRUBS-768x576.jpg 768w, https:\/\/sunsukoretreat.com\/wp-content\/uploads\/2024\/02\/SPA-SCRUBS-1536x1152.jpg 1536w, https:\/\/sunsukoretreat.com\/wp-content\/uploads\/2024\/02\/SPA-SCRUBS-2048x1536.jpg 2048w, https:\/\/sunsukoretreat.com\/wp-content\/uploads\/2024\/02\/SPA-SCRUBS-700x525.jpg 700w\" sizes=\"(max-width: 1024px) 100vw, 1024px\" \/><\/a><\/figure>\n\n<figure class=\"wp-block-image size-large\"><a href=\"https:\/\/sunsukoretreat.com\/wp-content\/uploads\/2024\/03\/sunsuko-retreat-spa-experience.jpeg\"><img loading=\"lazy\" decoding=\"async\" width=\"1024\" height=\"1024\" src=\"https:\/\/sunsukoretreat.com\/wp-content\/uploads\/2024\/03\/sunsuko-retreat-spa-experience-1024x1024.jpeg\" alt=\"\" class=\"wp-image-2082\" srcset=\"https:\/\/sunsukoretreat.com\/wp-content\/uploads\/2024\/03\/sunsuko-retreat-spa-experience-1024x1024.jpeg 1024w, https:\/\/sunsukoretreat.com\/wp-content\/uploads\/2024\/03\/sunsuko-retreat-spa-experience-300x300.jpeg 300w, https:\/\/sunsukoretreat.com\/wp-content\/uploads\/2024\/03\/sunsuko-retreat-spa-experience-187x187.jpeg 187w, https:\/\/sunsukoretreat.com\/wp-content\/uploads\/2024\/03\/sunsuko-retreat-spa-experience-768x768.jpeg 768w, https:\/\/sunsukoretreat.com\/wp-content\/uploads\/2024\/03\/sunsuko-retreat-spa-experience-600x600.jpeg 600w, https:\/\/sunsukoretreat.com\/wp-content\/uploads\/2024\/03\/sunsuko-retreat-spa-experience-550x550.jpeg 550w, https:\/\/sunsukoretreat.com\/wp-content\/uploads\/2024\/03\/sunsuko-retreat-spa-experience-700x700.jpeg 700w, https:\/\/sunsukoretreat.com\/wp-content\/uploads\/2024\/03\/sunsuko-retreat-spa-experience-180x180.jpeg 180w, https:\/\/sunsukoretreat.com\/wp-content\/uploads\/2024\/03\/sunsuko-retreat-spa-experience.jpeg 1156w\" sizes=\"(max-width: 1024px) 100vw, 1024px\" \/><\/a><\/figure>\n\n<figure class=\"wp-block-image size-large\"><a href=\"https:\/\/sunsukoretreat.com\/wp-content\/uploads\/2024\/03\/SPA-MASSAGE-.jpeg\"><img loading=\"lazy\" decoding=\"async\" width=\"1024\" height=\"768\" src=\"https:\/\/sunsukoretreat.com\/wp-content\/uploads\/2024\/03\/SPA-MASSAGE--1024x768.jpeg\" alt=\"\" class=\"wp-image-2078\" srcset=\"https:\/\/sunsukoretreat.com\/wp-content\/uploads\/2024\/03\/SPA-MASSAGE--1024x768.jpeg 1024w, https:\/\/sunsukoretreat.com\/wp-content\/uploads\/2024\/03\/SPA-MASSAGE--300x225.jpeg 300w, https:\/\/sunsukoretreat.com\/wp-content\/uploads\/2024\/03\/SPA-MASSAGE--768x576.jpeg 768w, https:\/\/sunsukoretreat.com\/wp-content\/uploads\/2024\/03\/SPA-MASSAGE--700x525.jpeg 700w, https:\/\/sunsukoretreat.com\/wp-content\/uploads\/2024\/03\/SPA-MASSAGE-.jpeg 1400w\" sizes=\"(max-width: 1024px) 100vw, 1024px\" \/><\/a><\/figure>\n\n<figure class=\"wp-block-image size-large\"><a href=\"https:\/\/sunsukoretreat.com\/wp-content\/uploads\/2024\/02\/SSR-LIFESTYLE-15.jpg\"><img loading=\"lazy\" decoding=\"async\" width=\"1024\" height=\"767\" src=\"https:\/\/sunsukoretreat.com\/wp-content\/uploads\/2024\/02\/SSR-LIFESTYLE-15-1024x767.jpg\" alt=\"\" class=\"wp-image-1512\" srcset=\"https:\/\/sunsukoretreat.com\/wp-content\/uploads\/2024\/02\/SSR-LIFESTYLE-15-1024x767.jpg 1024w, https:\/\/sunsukoretreat.com\/wp-content\/uploads\/2024\/02\/SSR-LIFESTYLE-15-300x225.jpg 300w, https:\/\/sunsukoretreat.com\/wp-content\/uploads\/2024\/02\/SSR-LIFESTYLE-15-768x576.jpg 768w, https:\/\/sunsukoretreat.com\/wp-content\/uploads\/2024\/02\/SSR-LIFESTYLE-15-1536x1151.jpg 1536w, https:\/\/sunsukoretreat.com\/wp-content\/uploads\/2024\/02\/SSR-LIFESTYLE-15-700x525.jpg 700w, https:\/\/sunsukoretreat.com\/wp-content\/uploads\/2024\/02\/SSR-LIFESTYLE-15.jpg 1963w\" sizes=\"(max-width: 1024px) 100vw, 1024px\" \/><\/a><\/figure>\n\n<figure class=\"wp-block-image size-large\"><a href=\"https:\/\/sunsukoretreat.com\/wp-content\/uploads\/2024\/02\/IMG_0484-scaled.jpg\"><img loading=\"lazy\" decoding=\"async\" width=\"768\" height=\"1024\" src=\"https:\/\/sunsukoretreat.com\/wp-content\/uploads\/2024\/02\/IMG_0484-768x1024.jpg\" alt=\"\" class=\"wp-image-1517\" srcset=\"https:\/\/sunsukoretreat.com\/wp-content\/uploads\/2024\/02\/IMG_0484-768x1024.jpg 768w, https:\/\/sunsukoretreat.com\/wp-content\/uploads\/2024\/02\/IMG_0484-225x300.jpg 225w, https:\/\/sunsukoretreat.com\/wp-content\/uploads\/2024\/02\/IMG_0484-1152x1536.jpg 1152w, https:\/\/sunsukoretreat.com\/wp-content\/uploads\/2024\/02\/IMG_0484-1536x2048.jpg 1536w, https:\/\/sunsukoretreat.com\/wp-content\/uploads\/2024\/02\/IMG_0484-700x933.jpg 700w, https:\/\/sunsukoretreat.com\/wp-content\/uploads\/2024\/02\/IMG_0484-scaled.jpg 1920w\" sizes=\"(max-width: 768px) 100vw, 768px\" \/><\/a><\/figure>\n\n<figure class=\"wp-block-image size-large\"><a href=\"https:\/\/sunsukoretreat.com\/wp-content\/uploads\/2024\/02\/IMG_0203-scaled.jpg\"><img loading=\"lazy\" decoding=\"async\" width=\"768\" height=\"1024\" src=\"https:\/\/sunsukoretreat.com\/wp-content\/uploads\/2024\/02\/IMG_0203-768x1024.jpg\" alt=\"\" class=\"wp-image-1515\" srcset=\"https:\/\/sunsukoretreat.com\/wp-content\/uploads\/2024\/02\/IMG_0203-768x1024.jpg 768w, https:\/\/sunsukoretreat.com\/wp-content\/uploads\/2024\/02\/IMG_0203-225x300.jpg 225w, https:\/\/sunsukoretreat.com\/wp-content\/uploads\/2024\/02\/IMG_0203-1152x1536.jpg 1152w, https:\/\/sunsukoretreat.com\/wp-content\/uploads\/2024\/02\/IMG_0203-1536x2048.jpg 1536w, https:\/\/sunsukoretreat.com\/wp-content\/uploads\/2024\/02\/IMG_0203-700x933.jpg 700w, https:\/\/sunsukoretreat.com\/wp-content\/uploads\/2024\/02\/IMG_0203-scaled.jpg 1920w\" sizes=\"(max-width: 768px) 100vw, 768px\" \/><\/a><\/figure>\n\n<figure class=\"wp-block-image size-large\"><a href=\"https:\/\/sunsukoretreat.com\/wp-content\/uploads\/2024\/02\/IMG_0182-scaled.jpg\"><img loading=\"lazy\" decoding=\"async\" width=\"768\" height=\"1024\" src=\"https:\/\/sunsukoretreat.com\/wp-content\/uploads\/2024\/02\/IMG_0182-768x1024.jpg\" alt=\"\" class=\"wp-image-1516\" srcset=\"https:\/\/sunsukoretreat.com\/wp-content\/uploads\/2024\/02\/IMG_0182-768x1024.jpg 768w, https:\/\/sunsukoretreat.com\/wp-content\/uploads\/2024\/02\/IMG_0182-225x300.jpg 225w, https:\/\/sunsukoretreat.com\/wp-content\/uploads\/2024\/02\/IMG_0182-1152x1536.jpg 1152w, https:\/\/sunsukoretreat.com\/wp-content\/uploads\/2024\/02\/IMG_0182-1536x2048.jpg 1536w, https:\/\/sunsukoretreat.com\/wp-content\/uploads\/2024\/02\/IMG_0182-700x933.jpg 700w, https:\/\/sunsukoretreat.com\/wp-content\/uploads\/2024\/02\/IMG_0182-scaled.jpg 1920w\" sizes=\"(max-width: 768px) 100vw, 768px\" \/><\/a><\/figure>\n\n<figure class=\"wp-block-image size-large\"><a href=\"https:\/\/sunsukoretreat.com\/wp-content\/uploads\/2024\/03\/spa-product.jpeg\"><img loading=\"lazy\" decoding=\"async\" width=\"1024\" height=\"683\" src=\"https:\/\/sunsukoretreat.com\/wp-content\/uploads\/2024\/03\/spa-product-1024x683.jpeg\" alt=\"\" class=\"wp-image-2042\" srcset=\"https:\/\/sunsukoretreat.com\/wp-content\/uploads\/2024\/03\/spa-product-1024x683.jpeg 1024w, https:\/\/sunsukoretreat.com\/wp-content\/uploads\/2024\/03\/spa-product-300x200.jpeg 300w, https:\/\/sunsukoretreat.com\/wp-content\/uploads\/2024\/03\/spa-product-768x512.jpeg 768w, https:\/\/sunsukoretreat.com\/wp-content\/uploads\/2024\/03\/spa-product-600x400.jpeg 600w, https:\/\/sunsukoretreat.com\/wp-content\/uploads\/2024\/03\/spa-product-700x467.jpeg 700w, https:\/\/sunsukoretreat.com\/wp-content\/uploads\/2024\/03\/spa-product.jpeg 1400w\" sizes=\"(max-width: 1024px) 100vw, 1024px\" \/><\/a><\/figure>\n\n<figure class=\"wp-block-image size-large\"><a href=\"https:\/\/sunsukoretreat.com\/wp-content\/uploads\/2024\/02\/SSR-ROOMS-107-1.jpg\"><img loading=\"lazy\" decoding=\"async\" width=\"1024\" height=\"682\" src=\"https:\/\/sunsukoretreat.com\/wp-content\/uploads\/2024\/02\/SSR-ROOMS-107-1-1024x682.jpg\" alt=\"\" class=\"wp-image-1570\" srcset=\"https:\/\/sunsukoretreat.com\/wp-content\/uploads\/2024\/02\/SSR-ROOMS-107-1-1024x682.jpg 1024w, https:\/\/sunsukoretreat.com\/wp-content\/uploads\/2024\/02\/SSR-ROOMS-107-1-300x200.jpg 300w, https:\/\/sunsukoretreat.com\/wp-content\/uploads\/2024\/02\/SSR-ROOMS-107-1-768x512.jpg 768w, https:\/\/sunsukoretreat.com\/wp-content\/uploads\/2024\/02\/SSR-ROOMS-107-1-600x400.jpg 600w, https:\/\/sunsukoretreat.com\/wp-content\/uploads\/2024\/02\/SSR-ROOMS-107-1-700x467.jpg 700w, https:\/\/sunsukoretreat.com\/wp-content\/uploads\/2024\/02\/SSR-ROOMS-107-1.jpg 1400w\" sizes=\"(max-width: 1024px) 100vw, 1024px\" \/><\/a><\/figure>\n\n<figure class=\"wp-block-image size-large\"><a href=\"https:\/\/sunsukoretreat.com\/wp-content\/uploads\/2024\/03\/spa-bed.jpeg\"><img loading=\"lazy\" decoding=\"async\" width=\"1024\" height=\"682\" src=\"https:\/\/sunsukoretreat.com\/wp-content\/uploads\/2024\/03\/spa-bed-1024x682.jpeg\" alt=\"\" class=\"wp-image-2043\" srcset=\"https:\/\/sunsukoretreat.com\/wp-content\/uploads\/2024\/03\/spa-bed-1024x682.jpeg 1024w, https:\/\/sunsukoretreat.com\/wp-content\/uploads\/2024\/03\/spa-bed-300x200.jpeg 300w, https:\/\/sunsukoretreat.com\/wp-content\/uploads\/2024\/03\/spa-bed-768x512.jpeg 768w, https:\/\/sunsukoretreat.com\/wp-content\/uploads\/2024\/03\/spa-bed-600x400.jpeg 600w, https:\/\/sunsukoretreat.com\/wp-content\/uploads\/2024\/03\/spa-bed-700x467.jpeg 700w, https:\/\/sunsukoretreat.com\/wp-content\/uploads\/2024\/03\/spa-bed.jpeg 1400w\" sizes=\"(max-width: 1024px) 100vw, 1024px\" \/><\/a><\/figure><\/figure><\/div><\/div><\/div><\/div>","protected":false},"excerpt":{"rendered":"","protected":false},"author":1,"featured_media":2948,"parent":0,"menu_order":0,"comment_status":"closed","ping_status":"closed","template":"","meta":{"inline_featured_image":false,"_genesis_hide_title":false,"_genesis_hide_breadcrumbs":false,"_genesis_hide_singular_image":false,"_genesis_hide_footer_widgets":false,"_genesis_custom_body_class":"","_genesis_custom_post_class":"","_genesis_layout":"","footnotes":""},"class_list":{"0":"post-4436","1":"page","2":"type-page","3":"status-publish","4":"has-post-thumbnail","6":"entry"},"featured_image_src":"https:\/\/sunsukoretreat.com\/wp-content\/uploads\/2023\/08\/MASSAGE-1-1-600x400.jpg","featured_image_src_square":"https:\/\/sunsukoretreat.com\/wp-content\/uploads\/2023\/08\/MASSAGE-1-1-600x600.jpg","_links":{"self":[{"href":"https:\/\/sunsukoretreat.com\/de\/wp-json\/wp\/v2\/pages\/4436"}],"collection":[{"href":"https:\/\/sunsukoretreat.com\/de\/wp-json\/wp\/v2\/pages"}],"about":[{"href":"https:\/\/sunsukoretreat.com\/de\/wp-json\/wp\/v2\/types\/page"}],"author":[{"embeddable":true,"href":"https:\/\/sunsukoretreat.com\/de\/wp-json\/wp\/v2\/users\/1"}],"replies":[{"embeddable":true,"href":"https:\/\/sunsukoretreat.com\/de\/wp-json\/wp\/v2\/comments?post=4436"}],"version-history":[{"count":5,"href":"https:\/\/sunsukoretreat.com\/de\/wp-json\/wp\/v2\/pages\/4436\/revisions"}],"predecessor-version":[{"id":4588,"href":"https:\/\/sunsukoretreat.com\/de\/wp-json\/wp\/v2\/pages\/4436\/revisions\/4588"}],"wp:featuredmedia":[{"embeddable":true,"href":"https:\/\/sunsukoretreat.com\/de\/wp-json\/wp\/v2\/media\/2948"}],"wp:attachment":[{"href":"https:\/\/sunsukoretreat.com\/de\/wp-json\/wp\/v2\/media?parent=4436"}],"curies":[{"name":"wp","href":"https:\/\/api.w.org\/{rel}","templated":true}]}}