{"id":4432,"date":"2023-07-21T05:28:42","date_gmt":"2023-07-21T05:28:42","guid":{"rendered":"https:\/\/sunsukoretreat.com\/restaurant\/"},"modified":"2024-05-16T05:59:52","modified_gmt":"2024-05-16T05:59:52","slug":"restaurant","status":"publish","type":"page","link":"https:\/\/sunsukoretreat.com\/de\/restaurant\/","title":{"rendered":"Restaurant"},"content":{"rendered":"<div class=\"wp-block-genesis-blocks-gb-columns gpb-altitude-section-hero-header gb-layout-columns-1 gb-1-col-equal gb-background-cover gb-background-no-repeat gb-has-custom-background-color gb-has-custom-text-color gb-columns-center alignfull\" style=\"padding-top:15em;padding-right:1em;padding-bottom:15em;padding-left:1em;background-color:#000000;color:#ffffff;background-image:url(https:\/\/sunsukoretreat.com\/wp-content\/uploads\/2024\/03\/sun-suko-retreat-restauran-north-bali-hotel-pemuteran.jpg);background-position:53% 60%\"><div class=\"gb-layout-column-wrap gb-block-layout-column-gap-3 gb-is-responsive-column\" style=\"max-width:872px\"><div class=\"wp-block-genesis-blocks-gb-column gb-block-layout-column\"><div class=\"gb-block-layout-column-inner\"><h2 class=\"wp-block-heading has-text-align-center has-text-color\" style=\"color:#ffffff;font-size:54px;line-height:1.2\"><\/h2>\n\n<div style=\"height:20px\" aria-hidden=\"true\" class=\"wp-block-spacer\"><\/div><\/div><\/div><\/div><\/div><div class=\"wp-block-genesis-blocks-gb-columns gpb-altitude-section-text-image-columns gb-layout-columns-1 gb-1-col-equal gb-has-custom-background-color gb-has-custom-text-color gb-columns-center alignfull\" style=\"padding-top:6em;padding-right:1em;padding-bottom:6em;padding-left:1em;background-color:#ededed;color:#1f1f1f\"><div class=\"gb-layout-column-wrap gb-block-layout-column-gap-2 gb-is-responsive-column\" style=\"max-width:1200px\"><div class=\"wp-block-genesis-blocks-gb-column gb-block-layout-column\"><div class=\"gb-block-layout-column-inner\"><p>Das Mittags- und Abendmen\u00fc unseres hauseigenen Restaurants bietet eine abwechslungsreiche Auswahl an asiatischen Kreationen, lokalen Spezialit\u00e4ten sowie gesunden frischen Salaten und Suppen an. F\u00fcr vegetarische, vegane und glutenfreie Alternativen ist gesorgt und unser K\u00fcchenteam wird auf jegliche Art von Nahrungsmittelunvertr\u00e4glichkeiten R\u00fccksicht nehmen. Unsere frisch zubereiteten Mahlzeiten enthalten weder Geschmacksverst\u00e4rker noch k\u00fcnstliche Aromen, sondern ausschlie\u00dflich gesunde und nat\u00fcrlliche Zutaten. Ein gutes Fr\u00fchst\u00fcck ist wichtig um voller Energie in den Tag zu starten, daher sind alle unsere S\u00e4fte und Smoothie-Bowls aus einheimischen und saisonalen Obst und Gem\u00fcse frisch zubereitet und stecken voller gesunder Vitamine und Mineralien. Unser hauseigenes knuspriges Granola-M\u00fcsli oder unser frisch gebackenes dunkles Brot mit selbstgemachter Marmelade hat schon so manchem Gast das Fr\u00fchst\u00fcck vers\u00fc\u00dft.<\/p>\n\n<p>Gutes Essen braucht auch eine gute Philosophie. Deshalb unterst\u00fctzen wir lokale Bauern und Fischer und achten darauf, dass wir unsere Zutaten mit Achtsamkeit und \u00f6kologischem Bewusstsein einkaufen. Wir wollen Lebensmittelverschwendung vermeiden und achten sehr auf unsere Umwelt. Im Sun Suko Boutique Retreat bieten wir unseren G\u00e4sten kostenlos Trinkwasser aus Glaskaraffen an, um den Gebrauch von Plastikflaschen zu vermeiden. Wir bem\u00fchen uns sehr, keinen unn\u00f6tigen M\u00fcll oder Energie zu produzieren.<\/p>\n\n<p>Das Leben in einer bewussten Umgebung steigert nicht nur unser Wohlbefinden, sondern sichert auch eine nachhaltige Zukunft f\u00fcr kommende Generationen.<\/p><\/div><\/div><\/div><\/div><figure class=\"wp-block-gallery has-nested-images columns-default is-style-masonry wp-block-gallery-1 is-layout-flex wp-block-gallery-is-layout-flex\"><figure class=\"wp-block-image size-large\"><img loading=\"lazy\" decoding=\"async\" width=\"683\" height=\"1024\" data-id=\"1944\" src=\"https:\/\/sunsukoretreat.com\/wp-content\/uploads\/2024\/03\/4H7A5282-682x1024-1.jpg\" alt=\"\" class=\"wp-image-1944\" srcset=\"https:\/\/sunsukoretreat.com\/wp-content\/uploads\/2024\/03\/4H7A5282-682x1024-1.jpg 683w, https:\/\/sunsukoretreat.com\/wp-content\/uploads\/2024\/03\/4H7A5282-682x1024-1-200x300.jpg 200w\" sizes=\"(max-width: 683px) 100vw, 683px\" \/><\/figure>\n\n<figure class=\"wp-block-image size-large\"><img loading=\"lazy\" decoding=\"async\" width=\"683\" height=\"502\" data-id=\"1950\" src=\"https:\/\/sunsukoretreat.com\/wp-content\/uploads\/2024\/03\/CUCUMBERPEARZUCCHINI-SOUP-1-1024x776-1.jpg\" alt=\"\" class=\"wp-image-1950\" srcset=\"https:\/\/sunsukoretreat.com\/wp-content\/uploads\/2024\/03\/CUCUMBERPEARZUCCHINI-SOUP-1-1024x776-1.jpg 683w, https:\/\/sunsukoretreat.com\/wp-content\/uploads\/2024\/03\/CUCUMBERPEARZUCCHINI-SOUP-1-1024x776-1-300x220.jpg 300w\" sizes=\"(max-width: 683px) 100vw, 683px\" \/><\/figure>\n\n<figure class=\"wp-block-image size-large\"><img loading=\"lazy\" decoding=\"async\" width=\"683\" height=\"1024\" data-id=\"1945\" src=\"https:\/\/sunsukoretreat.com\/wp-content\/uploads\/2024\/03\/4H7A5289-682x1024-1.jpg\" alt=\"\" class=\"wp-image-1945\" srcset=\"https:\/\/sunsukoretreat.com\/wp-content\/uploads\/2024\/03\/4H7A5289-682x1024-1.jpg 683w, https:\/\/sunsukoretreat.com\/wp-content\/uploads\/2024\/03\/4H7A5289-682x1024-1-200x300.jpg 200w\" sizes=\"(max-width: 683px) 100vw, 683px\" \/><\/figure>\n\n<figure class=\"wp-block-image size-large\"><img loading=\"lazy\" decoding=\"async\" width=\"683\" height=\"1024\" data-id=\"1953\" src=\"https:\/\/sunsukoretreat.com\/wp-content\/uploads\/2024\/03\/4H7A5318-682x1024-1.jpg\" alt=\"\" class=\"wp-image-1953\" srcset=\"https:\/\/sunsukoretreat.com\/wp-content\/uploads\/2024\/03\/4H7A5318-682x1024-1.jpg 683w, https:\/\/sunsukoretreat.com\/wp-content\/uploads\/2024\/03\/4H7A5318-682x1024-1-200x300.jpg 200w\" sizes=\"(max-width: 683px) 100vw, 683px\" \/><\/figure>\n\n<figure class=\"wp-block-image size-large\"><img loading=\"lazy\" decoding=\"async\" width=\"683\" height=\"502\" data-id=\"1954\" src=\"https:\/\/sunsukoretreat.com\/wp-content\/uploads\/2024\/03\/BEETROOT-BARLEY-OVEN-VEGGIES-1-1024x768-1.jpg\" alt=\"\" class=\"wp-image-1954\" srcset=\"https:\/\/sunsukoretreat.com\/wp-content\/uploads\/2024\/03\/BEETROOT-BARLEY-OVEN-VEGGIES-1-1024x768-1.jpg 683w, https:\/\/sunsukoretreat.com\/wp-content\/uploads\/2024\/03\/BEETROOT-BARLEY-OVEN-VEGGIES-1-1024x768-1-300x220.jpg 300w\" sizes=\"(max-width: 683px) 100vw, 683px\" \/><\/figure>\n\n<figure class=\"wp-block-image size-large\"><img loading=\"lazy\" decoding=\"async\" width=\"683\" height=\"1024\" data-id=\"1948\" src=\"https:\/\/sunsukoretreat.com\/wp-content\/uploads\/2024\/03\/4H7A5341-682x1024-1.jpg\" alt=\"\" class=\"wp-image-1948\" srcset=\"https:\/\/sunsukoretreat.com\/wp-content\/uploads\/2024\/03\/4H7A5341-682x1024-1.jpg 683w, https:\/\/sunsukoretreat.com\/wp-content\/uploads\/2024\/03\/4H7A5341-682x1024-1-200x300.jpg 200w\" sizes=\"(max-width: 683px) 100vw, 683px\" \/><\/figure>\n\n<figure class=\"wp-block-image size-large\"><img loading=\"lazy\" decoding=\"async\" width=\"683\" height=\"502\" data-id=\"1947\" src=\"https:\/\/sunsukoretreat.com\/wp-content\/uploads\/2024\/03\/asian-flavoured-buckweat-noodles-with-shitake-1-1-1024x768-1.jpg\" alt=\"\" class=\"wp-image-1947\" srcset=\"https:\/\/sunsukoretreat.com\/wp-content\/uploads\/2024\/03\/asian-flavoured-buckweat-noodles-with-shitake-1-1-1024x768-1.jpg 683w, https:\/\/sunsukoretreat.com\/wp-content\/uploads\/2024\/03\/asian-flavoured-buckweat-noodles-with-shitake-1-1-1024x768-1-300x220.jpg 300w\" sizes=\"(max-width: 683px) 100vw, 683px\" \/><\/figure>\n\n<figure class=\"wp-block-image size-large\"><img loading=\"lazy\" decoding=\"async\" width=\"683\" height=\"1024\" data-id=\"2056\" src=\"https:\/\/sunsukoretreat.com\/wp-content\/uploads\/2024\/03\/sunsuko-retreat-food.jpg\" alt=\"\" class=\"wp-image-2056\" srcset=\"https:\/\/sunsukoretreat.com\/wp-content\/uploads\/2024\/03\/sunsuko-retreat-food.jpg 683w, https:\/\/sunsukoretreat.com\/wp-content\/uploads\/2024\/03\/sunsuko-retreat-food-200x300.jpg 200w\" sizes=\"(max-width: 683px) 100vw, 683px\" \/><\/figure>\n\n<figure class=\"wp-block-image size-large\"><img loading=\"lazy\" decoding=\"async\" width=\"683\" height=\"502\" data-id=\"1956\" src=\"https:\/\/sunsukoretreat.com\/wp-content\/uploads\/2024\/03\/GLUTENFREE-PANCAKES-1024x768-1.jpg\" alt=\"\" class=\"wp-image-1956\" srcset=\"https:\/\/sunsukoretreat.com\/wp-content\/uploads\/2024\/03\/GLUTENFREE-PANCAKES-1024x768-1.jpg 683w, https:\/\/sunsukoretreat.com\/wp-content\/uploads\/2024\/03\/GLUTENFREE-PANCAKES-1024x768-1-300x220.jpg 300w\" sizes=\"(max-width: 683px) 100vw, 683px\" \/><\/figure>\n\n<figure class=\"wp-block-image size-large\"><img loading=\"lazy\" decoding=\"async\" width=\"683\" height=\"1024\" data-id=\"1963\" src=\"https:\/\/sunsukoretreat.com\/wp-content\/uploads\/2024\/03\/IMG_0228-683x1024-1.jpg\" alt=\"\" class=\"wp-image-1963\" srcset=\"https:\/\/sunsukoretreat.com\/wp-content\/uploads\/2024\/03\/IMG_0228-683x1024-1.jpg 683w, https:\/\/sunsukoretreat.com\/wp-content\/uploads\/2024\/03\/IMG_0228-683x1024-1-200x300.jpg 200w\" sizes=\"(max-width: 683px) 100vw, 683px\" \/><\/figure>\n\n<figure class=\"wp-block-image size-large\"><img loading=\"lazy\" decoding=\"async\" width=\"683\" height=\"502\" data-id=\"1964\" src=\"https:\/\/sunsukoretreat.com\/wp-content\/uploads\/2024\/03\/IMG_0107-1024x768-1.jpg\" alt=\"\" class=\"wp-image-1964\" srcset=\"https:\/\/sunsukoretreat.com\/wp-content\/uploads\/2024\/03\/IMG_0107-1024x768-1.jpg 683w, https:\/\/sunsukoretreat.com\/wp-content\/uploads\/2024\/03\/IMG_0107-1024x768-1-300x220.jpg 300w\" sizes=\"(max-width: 683px) 100vw, 683px\" \/><\/figure>\n\n<figure class=\"wp-block-image size-large\"><img loading=\"lazy\" decoding=\"async\" width=\"683\" height=\"1024\" data-id=\"1958\" src=\"https:\/\/sunsukoretreat.com\/wp-content\/uploads\/2024\/03\/IMG_0250-683x1024-1.jpg\" alt=\"\" class=\"wp-image-1958\" srcset=\"https:\/\/sunsukoretreat.com\/wp-content\/uploads\/2024\/03\/IMG_0250-683x1024-1.jpg 683w, https:\/\/sunsukoretreat.com\/wp-content\/uploads\/2024\/03\/IMG_0250-683x1024-1-200x300.jpg 200w\" sizes=\"(max-width: 683px) 100vw, 683px\" \/><\/figure>\n\n<figure class=\"wp-block-image size-large\"><img loading=\"lazy\" decoding=\"async\" width=\"683\" height=\"1024\" data-id=\"1960\" src=\"https:\/\/sunsukoretreat.com\/wp-content\/uploads\/2024\/03\/IMG_0258-683x1024-1.jpg\" alt=\"\" class=\"wp-image-1960\" srcset=\"https:\/\/sunsukoretreat.com\/wp-content\/uploads\/2024\/03\/IMG_0258-683x1024-1.jpg 683w, https:\/\/sunsukoretreat.com\/wp-content\/uploads\/2024\/03\/IMG_0258-683x1024-1-200x300.jpg 200w\" sizes=\"(max-width: 683px) 100vw, 683px\" \/><\/figure>\n\n<figure class=\"wp-block-image size-large\"><img loading=\"lazy\" decoding=\"async\" width=\"683\" height=\"502\" data-id=\"1959\" src=\"https:\/\/sunsukoretreat.com\/wp-content\/uploads\/2024\/03\/IMG_9820-1024x768-1.jpg\" alt=\"\" class=\"wp-image-1959\" srcset=\"https:\/\/sunsukoretreat.com\/wp-content\/uploads\/2024\/03\/IMG_9820-1024x768-1.jpg 683w, https:\/\/sunsukoretreat.com\/wp-content\/uploads\/2024\/03\/IMG_9820-1024x768-1-300x220.jpg 300w\" sizes=\"(max-width: 683px) 100vw, 683px\" \/><\/figure>\n\n<figure class=\"wp-block-image size-large\"><img loading=\"lazy\" decoding=\"async\" width=\"683\" height=\"1024\" data-id=\"1951\" src=\"https:\/\/sunsukoretreat.com\/wp-content\/uploads\/2024\/03\/IMG_0334-683x1024-1.jpg\" alt=\"\" class=\"wp-image-1951\" srcset=\"https:\/\/sunsukoretreat.com\/wp-content\/uploads\/2024\/03\/IMG_0334-683x1024-1.jpg 683w, https:\/\/sunsukoretreat.com\/wp-content\/uploads\/2024\/03\/IMG_0334-683x1024-1-200x300.jpg 200w\" sizes=\"(max-width: 683px) 100vw, 683px\" \/><\/figure>\n\n<figure class=\"wp-block-image size-large\"><img loading=\"lazy\" decoding=\"async\" width=\"683\" height=\"502\" data-id=\"2055\" src=\"https:\/\/sunsukoretreat.com\/wp-content\/uploads\/2024\/03\/sun-suko-retreat-restaurant.jpg\" alt=\"\" class=\"wp-image-2055\" srcset=\"https:\/\/sunsukoretreat.com\/wp-content\/uploads\/2024\/03\/sun-suko-retreat-restaurant.jpg 683w, https:\/\/sunsukoretreat.com\/wp-content\/uploads\/2024\/03\/sun-suko-retreat-restaurant-300x220.jpg 300w\" sizes=\"(max-width: 683px) 100vw, 683px\" \/><\/figure>\n\n<figure class=\"wp-block-image size-full\"><img loading=\"lazy\" decoding=\"async\" width=\"683\" height=\"510\" data-id=\"2247\" src=\"https:\/\/sunsukoretreat.com\/wp-content\/uploads\/2024\/03\/north-bali-hotel-food-sun-suko-retreat-pool.jpg\" alt=\"\" class=\"wp-image-2247\" srcset=\"https:\/\/sunsukoretreat.com\/wp-content\/uploads\/2024\/03\/north-bali-hotel-food-sun-suko-retreat-pool.jpg 683w, https:\/\/sunsukoretreat.com\/wp-content\/uploads\/2024\/03\/north-bali-hotel-food-sun-suko-retreat-pool-300x224.jpg 300w\" sizes=\"(max-width: 683px) 100vw, 683px\" \/><\/figure>\n\n<figure class=\"wp-block-image size-large\"><img loading=\"lazy\" decoding=\"async\" width=\"683\" height=\"1024\" data-id=\"1957\" src=\"https:\/\/sunsukoretreat.com\/wp-content\/uploads\/2024\/03\/IMG_0457-683x1024-1.jpg\" alt=\"\" class=\"wp-image-1957\" srcset=\"https:\/\/sunsukoretreat.com\/wp-content\/uploads\/2024\/03\/IMG_0457-683x1024-1.jpg 683w, https:\/\/sunsukoretreat.com\/wp-content\/uploads\/2024\/03\/IMG_0457-683x1024-1-200x300.jpg 200w\" sizes=\"(max-width: 683px) 100vw, 683px\" \/><\/figure>\n\n<figure class=\"wp-block-image size-full\"><img loading=\"lazy\" decoding=\"async\" width=\"683\" height=\"502\" data-id=\"1946\" src=\"https:\/\/sunsukoretreat.com\/wp-content\/uploads\/2024\/03\/IMG_0126-1024x768-1.jpg\" alt=\"\" class=\"wp-image-1946\" srcset=\"https:\/\/sunsukoretreat.com\/wp-content\/uploads\/2024\/03\/IMG_0126-1024x768-1.jpg 683w, https:\/\/sunsukoretreat.com\/wp-content\/uploads\/2024\/03\/IMG_0126-1024x768-1-300x220.jpg 300w\" sizes=\"(max-width: 683px) 100vw, 683px\" \/><\/figure>\n\n<figure class=\"wp-block-image size-large\"><img loading=\"lazy\" decoding=\"async\" width=\"683\" height=\"1024\" data-id=\"1962\" src=\"https:\/\/sunsukoretreat.com\/wp-content\/uploads\/2024\/03\/IMG_9787-683x1024-1.jpg\" alt=\"\" class=\"wp-image-1962\" srcset=\"https:\/\/sunsukoretreat.com\/wp-content\/uploads\/2024\/03\/IMG_9787-683x1024-1.jpg 683w, https:\/\/sunsukoretreat.com\/wp-content\/uploads\/2024\/03\/IMG_9787-683x1024-1-200x300.jpg 200w\" sizes=\"(max-width: 683px) 100vw, 683px\" \/><\/figure>\n\n<figure class=\"wp-block-image size-large\"><img loading=\"lazy\" decoding=\"async\" width=\"683\" height=\"502\" data-id=\"1952\" src=\"https:\/\/sunsukoretreat.com\/wp-content\/uploads\/2024\/03\/IMG_0286.jpg\" alt=\"\" class=\"wp-image-1952\" srcset=\"https:\/\/sunsukoretreat.com\/wp-content\/uploads\/2024\/03\/IMG_0286.jpg 683w, https:\/\/sunsukoretreat.com\/wp-content\/uploads\/2024\/03\/IMG_0286-300x220.jpg 300w\" sizes=\"(max-width: 683px) 100vw, 683px\" \/><\/figure>\n\n<figure class=\"wp-block-image size-large\"><img loading=\"lazy\" decoding=\"async\" width=\"683\" height=\"1024\" data-id=\"1961\" src=\"https:\/\/sunsukoretreat.com\/wp-content\/uploads\/2024\/03\/sun-suko-retreat-drinks-683x1024-1.jpg\" alt=\"\" class=\"wp-image-1961\" srcset=\"https:\/\/sunsukoretreat.com\/wp-content\/uploads\/2024\/03\/sun-suko-retreat-drinks-683x1024-1.jpg 683w, https:\/\/sunsukoretreat.com\/wp-content\/uploads\/2024\/03\/sun-suko-retreat-drinks-683x1024-1-200x300.jpg 200w\" sizes=\"(max-width: 683px) 100vw, 683px\" \/><\/figure>\n\n<figure class=\"wp-block-image size-large\"><img loading=\"lazy\" decoding=\"async\" width=\"683\" height=\"1024\" data-id=\"1949\" src=\"https:\/\/sunsukoretreat.com\/wp-content\/uploads\/2024\/03\/4H7A5357-683x1024-1.jpg\" alt=\"\" class=\"wp-image-1949\" srcset=\"https:\/\/sunsukoretreat.com\/wp-content\/uploads\/2024\/03\/4H7A5357-683x1024-1.jpg 683w, https:\/\/sunsukoretreat.com\/wp-content\/uploads\/2024\/03\/4H7A5357-683x1024-1-200x300.jpg 200w\" sizes=\"(max-width: 683px) 100vw, 683px\" \/><\/figure>\n\n<figure class=\"wp-block-image size-large\"><img loading=\"lazy\" decoding=\"async\" width=\"683\" height=\"502\" data-id=\"1955\" src=\"https:\/\/sunsukoretreat.com\/wp-content\/uploads\/2024\/03\/IMG_9765-1024x768-1.jpg\" alt=\"\" class=\"wp-image-1955\" srcset=\"https:\/\/sunsukoretreat.com\/wp-content\/uploads\/2024\/03\/IMG_9765-1024x768-1.jpg 683w, https:\/\/sunsukoretreat.com\/wp-content\/uploads\/2024\/03\/IMG_9765-1024x768-1-300x220.jpg 300w\" sizes=\"(max-width: 683px) 100vw, 683px\" \/><\/figure>\n\n<figure class=\"wp-block-image size-large\"><img loading=\"lazy\" decoding=\"async\" width=\"683\" height=\"1024\" data-id=\"2054\" src=\"https:\/\/sunsukoretreat.com\/wp-content\/uploads\/2024\/03\/sunsuko-retreat-serving-foods.jpg\" alt=\"\" class=\"wp-image-2054\" srcset=\"https:\/\/sunsukoretreat.com\/wp-content\/uploads\/2024\/03\/sunsuko-retreat-serving-foods.jpg 683w, https:\/\/sunsukoretreat.com\/wp-content\/uploads\/2024\/03\/sunsuko-retreat-serving-foods-200x300.jpg 200w\" sizes=\"(max-width: 683px) 100vw, 683px\" \/><\/figure><\/figure>","protected":false},"excerpt":{"rendered":"","protected":false},"author":1,"featured_media":3950,"parent":0,"menu_order":0,"comment_status":"closed","ping_status":"closed","template":"","meta":{"inline_featured_image":false,"_genesis_hide_title":false,"_genesis_hide_breadcrumbs":false,"_genesis_hide_singular_image":false,"_genesis_hide_footer_widgets":false,"_genesis_custom_body_class":"","_genesis_custom_post_class":"","_genesis_layout":"","footnotes":""},"class_list":{"0":"post-4432","1":"page","2":"type-page","3":"status-publish","4":"has-post-thumbnail","6":"entry"},"featured_image_src":"https:\/\/sunsukoretreat.com\/wp-content\/uploads\/2024\/03\/sun-suko-retreat-restauran-north-bali-hotel-pemuteran-600x400.jpg","featured_image_src_square":"https:\/\/sunsukoretreat.com\/wp-content\/uploads\/2024\/03\/sun-suko-retreat-restauran-north-bali-hotel-pemuteran-600x600.jpg","_links":{"self":[{"href":"https:\/\/sunsukoretreat.com\/de\/wp-json\/wp\/v2\/pages\/4432"}],"collection":[{"href":"https:\/\/sunsukoretreat.com\/de\/wp-json\/wp\/v2\/pages"}],"about":[{"href":"https:\/\/sunsukoretreat.com\/de\/wp-json\/wp\/v2\/types\/page"}],"author":[{"embeddable":true,"href":"https:\/\/sunsukoretreat.com\/de\/wp-json\/wp\/v2\/users\/1"}],"replies":[{"embeddable":true,"href":"https:\/\/sunsukoretreat.com\/de\/wp-json\/wp\/v2\/comments?post=4432"}],"version-history":[{"count":4,"href":"https:\/\/sunsukoretreat.com\/de\/wp-json\/wp\/v2\/pages\/4432\/revisions"}],"predecessor-version":[{"id":4569,"href":"https:\/\/sunsukoretreat.com\/de\/wp-json\/wp\/v2\/pages\/4432\/revisions\/4569"}],"wp:featuredmedia":[{"embeddable":true,"href":"https:\/\/sunsukoretreat.com\/de\/wp-json\/wp\/v2\/media\/3950"}],"wp:attachment":[{"href":"https:\/\/sunsukoretreat.com\/de\/wp-json\/wp\/v2\/media?parent=4432"}],"curies":[{"name":"wp","href":"https:\/\/api.w.org\/{rel}","templated":true}]}}