{"id":4428,"date":"2023-07-21T05:28:57","date_gmt":"2023-07-21T05:28:57","guid":{"rendered":"https:\/\/sunsukoretreat.com\/yoga\/"},"modified":"2024-05-16T06:28:38","modified_gmt":"2024-05-16T06:28:38","slug":"yoga","status":"publish","type":"page","link":"https:\/\/sunsukoretreat.com\/de\/yoga\/","title":{"rendered":"Yoga"},"content":{"rendered":"<div class=\"wp-block-genesis-blocks-gb-columns gpb-altitude-section-hero-header gb-layout-columns-1 gb-1-col-equal gb-background-cover gb-background-no-repeat gb-has-custom-background-color gb-has-custom-text-color gb-columns-center alignfull\" style=\"padding-top:15em;padding-right:1em;padding-bottom:25em;padding-left:1em;background-color:#000000;color:#ffffff;background-image:url(https:\/\/sunsukoretreat.com\/wp-content\/uploads\/2024\/02\/YOGA-1.jpg);background-position:53% 71%\"><div class=\"gb-layout-column-wrap gb-block-layout-column-gap-3 gb-is-responsive-column\" style=\"max-width:872px\"><div class=\"wp-block-genesis-blocks-gb-column gb-block-layout-column\"><div class=\"gb-block-layout-column-inner\"><h2 class=\"wp-block-heading has-text-align-center has-text-color\" style=\"color:#ffffff;font-size:54px;line-height:1.2\"><\/h2>\n\n<div style=\"height:20px\" aria-hidden=\"true\" class=\"wp-block-spacer\"><\/div><\/div><\/div><\/div><\/div><div class=\"wp-block-genesis-blocks-gb-columns gb-layout-service-1 gb-layout-columns-1 gb-1-col-equal gb-has-custom-background-color gb-columns-center alignfull\" style=\"padding-top:10%;padding-right:5%;padding-bottom:10%;padding-left:5%;background-color:#f1f1f1\"><div class=\"gb-layout-column-wrap gb-block-layout-column-gap-2 gb-is-responsive-column\" style=\"max-width:1200px\"><div class=\"wp-block-genesis-blocks-gb-column gb-block-layout-column\"><div class=\"gb-block-layout-column-inner\"><h2 class=\"wp-block-heading\">Unser Sun Suko Retreat ist eine Oase des Friedens und der Ruhe<\/h2>\n\n<p>Umgeben von wundersch\u00f6ner, unber\u00fchrter Natur. Wir befinden uns in Pemuteran, einem ruhigen kleinen Dorf im Nordwesten Balis \u2013 die perfekte Atmosph\u00e4re f\u00fcr ein Retreat oder anderen Gruppenarbeiten Genie\u00dfen Sie die Aussicht und die wohltuende Energie der heiligen H\u00fcgel oder spazieren Sie zum nahegelegenen einsamen Strand.<\/p>\n\n<p>Unsere offene Yogahalle mit Holzparkett bietet Platz f\u00fcr Yogagruppen und Meditationskurse f\u00fcr bis zu 25 Personen. Yogamatten k\u00f6nnen ebenso zur Verf\u00fcgung gestellt werden und ein gro\u00dfartiger Blick auf die Berge und wundersch\u00f6ne Sonnenaufg\u00e4nge ist inklusive.<\/p>\n\n<p>Alle Arten von Arbeitsgruppen, Kursen oder Teachings k\u00f6nnen problemlos in privater Atmosph\u00e4re durchgef\u00fchrt werden.<\/p>\n\n<p>Um abzuk\u00fchlen l\u00e4dt ein 16 Meter langer Pool zum Schwimmen ein. Entspannen Sie im Schatten unserer duftenden Frangipani-B\u00e4ume oder nehmen Sie einfach ein Sonnenbad auf unseren bequemen Liegest\u00fchlen am Pool.<\/p>\n\n<p>In unserem hauseigenen Restaurant verwenden wir ausschlie\u00dflich frische saisonale Produkte aus unserer Region. Die Men\u00fcs sind speziell auf die W\u00fcnsche der Retreat-Veranstalter und deren Teilnehmer zugeschnitten. Unser K\u00fcchenteam kann f\u00fcr Sie vegane, vegetarische, glutenfreie oder andere spezielle Ern\u00e4hrungspl\u00e4ne arrangieren und zubereiten.<\/p>\n\n<p>F\u00fcr Gruppenanfragen senden Sie uns bitte eine E-Mail an: <a href=\"mailto:contact@sunsukoretreat.com\">contact@sunsukoretreat.com<\/a> Wir senden Ihnen Gruppenpreislisten und unsere Allgemeinen Gesch\u00e4ftsbedingungen.<\/p><\/div><\/div><\/div><\/div><figure class=\"wp-block-gallery has-nested-images columns-default is-cropped wp-block-gallery-1 is-layout-flex wp-block-gallery-is-layout-flex\"><figure class=\"wp-block-image size-large\"><img loading=\"lazy\" decoding=\"async\" width=\"1024\" height=\"683\" data-id=\"1531\" src=\"https:\/\/sunsukoretreat.com\/wp-content\/uploads\/2024\/02\/YOGA-1-1024x683.jpg\" alt=\"\" class=\"wp-image-1531\" srcset=\"https:\/\/sunsukoretreat.com\/wp-content\/uploads\/2024\/02\/YOGA-1-1024x683.jpg 1024w, https:\/\/sunsukoretreat.com\/wp-content\/uploads\/2024\/02\/YOGA-1-300x200.jpg 300w, https:\/\/sunsukoretreat.com\/wp-content\/uploads\/2024\/02\/YOGA-1-768x512.jpg 768w, https:\/\/sunsukoretreat.com\/wp-content\/uploads\/2024\/02\/YOGA-1-1536x1025.jpg 1536w, https:\/\/sunsukoretreat.com\/wp-content\/uploads\/2024\/02\/YOGA-1-600x400.jpg 600w, https:\/\/sunsukoretreat.com\/wp-content\/uploads\/2024\/02\/YOGA-1-700x467.jpg 700w, https:\/\/sunsukoretreat.com\/wp-content\/uploads\/2024\/02\/YOGA-1.jpg 1985w\" sizes=\"(max-width: 1024px) 100vw, 1024px\" \/><\/figure>\n\n<figure class=\"wp-block-image size-large\"><img loading=\"lazy\" decoding=\"async\" width=\"1024\" height=\"683\" data-id=\"1530\" src=\"https:\/\/sunsukoretreat.com\/wp-content\/uploads\/2024\/02\/SSR-LIFESTYLE-34-1-1024x683.jpg\" alt=\"\" class=\"wp-image-1530\" srcset=\"https:\/\/sunsukoretreat.com\/wp-content\/uploads\/2024\/02\/SSR-LIFESTYLE-34-1-1024x683.jpg 1024w, https:\/\/sunsukoretreat.com\/wp-content\/uploads\/2024\/02\/SSR-LIFESTYLE-34-1-300x200.jpg 300w, https:\/\/sunsukoretreat.com\/wp-content\/uploads\/2024\/02\/SSR-LIFESTYLE-34-1-768x512.jpg 768w, https:\/\/sunsukoretreat.com\/wp-content\/uploads\/2024\/02\/SSR-LIFESTYLE-34-1-1536x1024.jpg 1536w, https:\/\/sunsukoretreat.com\/wp-content\/uploads\/2024\/02\/SSR-LIFESTYLE-34-1-600x400.jpg 600w, https:\/\/sunsukoretreat.com\/wp-content\/uploads\/2024\/02\/SSR-LIFESTYLE-34-1-700x467.jpg 700w, https:\/\/sunsukoretreat.com\/wp-content\/uploads\/2024\/02\/SSR-LIFESTYLE-34-1.jpg 1977w\" sizes=\"(max-width: 1024px) 100vw, 1024px\" \/><\/figure>\n\n<figure class=\"wp-block-image size-large\"><img loading=\"lazy\" decoding=\"async\" width=\"1024\" height=\"768\" data-id=\"2071\" src=\"https:\/\/sunsukoretreat.com\/wp-content\/uploads\/2024\/03\/yoga-retreat-sun-suko-retreat-hotel-pemuteran-1024x768.jpeg\" alt=\"\" class=\"wp-image-2071\" srcset=\"https:\/\/sunsukoretreat.com\/wp-content\/uploads\/2024\/03\/yoga-retreat-sun-suko-retreat-hotel-pemuteran-1024x768.jpeg 1024w, https:\/\/sunsukoretreat.com\/wp-content\/uploads\/2024\/03\/yoga-retreat-sun-suko-retreat-hotel-pemuteran-300x225.jpeg 300w, https:\/\/sunsukoretreat.com\/wp-content\/uploads\/2024\/03\/yoga-retreat-sun-suko-retreat-hotel-pemuteran-768x576.jpeg 768w, https:\/\/sunsukoretreat.com\/wp-content\/uploads\/2024\/03\/yoga-retreat-sun-suko-retreat-hotel-pemuteran-700x525.jpeg 700w, https:\/\/sunsukoretreat.com\/wp-content\/uploads\/2024\/03\/yoga-retreat-sun-suko-retreat-hotel-pemuteran.jpeg 1400w\" sizes=\"(max-width: 1024px) 100vw, 1024px\" \/><\/figure>\n\n<figure class=\"wp-block-image size-large\"><img loading=\"lazy\" decoding=\"async\" width=\"1024\" height=\"683\" data-id=\"1534\" src=\"https:\/\/sunsukoretreat.com\/wp-content\/uploads\/2024\/02\/4H7A5091-1-1024x683.jpg\" alt=\"\" class=\"wp-image-1534\" srcset=\"https:\/\/sunsukoretreat.com\/wp-content\/uploads\/2024\/02\/4H7A5091-1-1024x683.jpg 1024w, https:\/\/sunsukoretreat.com\/wp-content\/uploads\/2024\/02\/4H7A5091-1-300x200.jpg 300w, https:\/\/sunsukoretreat.com\/wp-content\/uploads\/2024\/02\/4H7A5091-1-768x512.jpg 768w, https:\/\/sunsukoretreat.com\/wp-content\/uploads\/2024\/02\/4H7A5091-1-1536x1024.jpg 1536w, https:\/\/sunsukoretreat.com\/wp-content\/uploads\/2024\/02\/4H7A5091-1-2048x1365.jpg 2048w, https:\/\/sunsukoretreat.com\/wp-content\/uploads\/2024\/02\/4H7A5091-1-600x400.jpg 600w, https:\/\/sunsukoretreat.com\/wp-content\/uploads\/2024\/02\/4H7A5091-1-700x467.jpg 700w\" sizes=\"(max-width: 1024px) 100vw, 1024px\" \/><\/figure>\n\n<figure class=\"wp-block-image size-large\"><img loading=\"lazy\" decoding=\"async\" width=\"1024\" height=\"768\" data-id=\"1533\" src=\"https:\/\/sunsukoretreat.com\/wp-content\/uploads\/2024\/02\/IMG_0509-1-1024x768.jpg\" alt=\"\" class=\"wp-image-1533\" srcset=\"https:\/\/sunsukoretreat.com\/wp-content\/uploads\/2024\/02\/IMG_0509-1-1024x768.jpg 1024w, https:\/\/sunsukoretreat.com\/wp-content\/uploads\/2024\/02\/IMG_0509-1-300x225.jpg 300w, https:\/\/sunsukoretreat.com\/wp-content\/uploads\/2024\/02\/IMG_0509-1-768x576.jpg 768w, https:\/\/sunsukoretreat.com\/wp-content\/uploads\/2024\/02\/IMG_0509-1-1536x1152.jpg 1536w, https:\/\/sunsukoretreat.com\/wp-content\/uploads\/2024\/02\/IMG_0509-1-2048x1536.jpg 2048w, https:\/\/sunsukoretreat.com\/wp-content\/uploads\/2024\/02\/IMG_0509-1-700x525.jpg 700w\" sizes=\"(max-width: 1024px) 100vw, 1024px\" \/><\/figure>\n\n<figure class=\"wp-block-image size-large\"><img loading=\"lazy\" decoding=\"async\" width=\"1024\" height=\"683\" data-id=\"1532\" src=\"https:\/\/sunsukoretreat.com\/wp-content\/uploads\/2024\/02\/4H7A5047-1-1024x683.jpg\" alt=\"\" class=\"wp-image-1532\" srcset=\"https:\/\/sunsukoretreat.com\/wp-content\/uploads\/2024\/02\/4H7A5047-1-1024x683.jpg 1024w, https:\/\/sunsukoretreat.com\/wp-content\/uploads\/2024\/02\/4H7A5047-1-300x200.jpg 300w, https:\/\/sunsukoretreat.com\/wp-content\/uploads\/2024\/02\/4H7A5047-1-768x512.jpg 768w, https:\/\/sunsukoretreat.com\/wp-content\/uploads\/2024\/02\/4H7A5047-1-1536x1024.jpg 1536w, https:\/\/sunsukoretreat.com\/wp-content\/uploads\/2024\/02\/4H7A5047-1-2048x1365.jpg 2048w, https:\/\/sunsukoretreat.com\/wp-content\/uploads\/2024\/02\/4H7A5047-1-600x400.jpg 600w, https:\/\/sunsukoretreat.com\/wp-content\/uploads\/2024\/02\/4H7A5047-1-700x467.jpg 700w\" sizes=\"(max-width: 1024px) 100vw, 1024px\" \/><\/figure><\/figure>","protected":false},"excerpt":{"rendered":"","protected":false},"author":1,"featured_media":3353,"parent":0,"menu_order":0,"comment_status":"closed","ping_status":"closed","template":"","meta":{"inline_featured_image":false,"_genesis_hide_title":false,"_genesis_hide_breadcrumbs":false,"_genesis_hide_singular_image":false,"_genesis_hide_footer_widgets":false,"_genesis_custom_body_class":"","_genesis_custom_post_class":"","_genesis_layout":"","footnotes":""},"class_list":{"0":"post-4428","1":"page","2":"type-page","3":"status-publish","4":"has-post-thumbnail","6":"entry"},"featured_image_src":"https:\/\/sunsukoretreat.com\/wp-content\/uploads\/2024\/02\/YOGA-1-600x400.jpg","featured_image_src_square":"https:\/\/sunsukoretreat.com\/wp-content\/uploads\/2024\/02\/YOGA-1-600x600.jpg","_links":{"self":[{"href":"https:\/\/sunsukoretreat.com\/de\/wp-json\/wp\/v2\/pages\/4428"}],"collection":[{"href":"https:\/\/sunsukoretreat.com\/de\/wp-json\/wp\/v2\/pages"}],"about":[{"href":"https:\/\/sunsukoretreat.com\/de\/wp-json\/wp\/v2\/types\/page"}],"author":[{"embeddable":true,"href":"https:\/\/sunsukoretreat.com\/de\/wp-json\/wp\/v2\/users\/1"}],"replies":[{"embeddable":true,"href":"https:\/\/sunsukoretreat.com\/de\/wp-json\/wp\/v2\/comments?post=4428"}],"version-history":[{"count":9,"href":"https:\/\/sunsukoretreat.com\/de\/wp-json\/wp\/v2\/pages\/4428\/revisions"}],"predecessor-version":[{"id":4586,"href":"https:\/\/sunsukoretreat.com\/de\/wp-json\/wp\/v2\/pages\/4428\/revisions\/4586"}],"wp:featuredmedia":[{"embeddable":true,"href":"https:\/\/sunsukoretreat.com\/de\/wp-json\/wp\/v2\/media\/3353"}],"wp:attachment":[{"href":"https:\/\/sunsukoretreat.com\/de\/wp-json\/wp\/v2\/media?parent=4428"}],"curies":[{"name":"wp","href":"https:\/\/api.w.org\/{rel}","templated":true}]}}