{"id":4416,"date":"2024-03-24T14:26:08","date_gmt":"2024-03-24T14:26:08","guid":{"rendered":"https:\/\/sunsukoretreat.com\/gruender\/"},"modified":"2024-05-16T05:00:14","modified_gmt":"2024-05-16T05:00:14","slug":"gruender","status":"publish","type":"page","link":"https:\/\/sunsukoretreat.com\/de\/gruender\/","title":{"rendered":"GR\u00dcNDER"},"content":{"rendered":"<div class=\"wp-block-genesis-blocks-gb-columns is-story-header gb-layout-columns-1 one-column gb-background-cover gb-background-no-repeat gb-has-custom-background-color gb-has-custom-text-color gb-columns-center alignfull\" style=\"padding-top:22em;padding-right:1em;padding-bottom:22em;padding-left:1em;background-color:#1f1f1f;color:#f5f5f5;background-image:url(https:\/\/sunsukoretreat.com\/wp-content\/uploads\/2024\/03\/the-founder-1-scaled.jpg);background-position:39% 51%\"><div class=\"gb-layout-column-wrap gb-block-layout-column-gap-1 gb-is-responsive-column\" style=\"max-width:1200px\"><div class=\"wp-block-genesis-blocks-gb-column gb-block-layout-column\"><div class=\"gb-block-layout-column-inner\"><p><\/p><\/div><\/div><\/div><\/div><div class=\"wp-block-genesis-blocks-gb-columns gb-slate-section-image-and-text-cta gpb-slate-image-text gb-layout-columns-2 gb-2-col-equal has-white-background-color gb-has-custom-text-color gb-columns-center alignfull\" style=\"padding-top:6em;padding-right:1em;padding-bottom:6em;padding-left:1em;color:#1f1f1f\"><div class=\"gb-layout-column-wrap gb-block-layout-column-gap-2 gb-is-responsive-column\" style=\"max-width:1200px\"><div class=\"wp-block-genesis-blocks-gb-column gb-block-layout-column\"><div class=\"gb-block-layout-column-inner\" style=\"padding-top:10px\"><h2 class=\"wp-block-heading\">Geschichte \u00fcber den Gr\u00fcnder<\/h2>\n\n<figure class=\"wp-block-image size-full story is-style-default\"><img loading=\"lazy\" decoding=\"async\" width=\"1920\" height=\"2560\" src=\"https:\/\/sunsukoretreat.com\/wp-content\/uploads\/2024\/03\/IMG_8793-scaled.jpeg\" alt=\"\" class=\"wp-image-2296\" srcset=\"https:\/\/sunsukoretreat.com\/wp-content\/uploads\/2024\/03\/IMG_8793-scaled.jpeg 1920w, https:\/\/sunsukoretreat.com\/wp-content\/uploads\/2024\/03\/IMG_8793-225x300.jpeg 225w, https:\/\/sunsukoretreat.com\/wp-content\/uploads\/2024\/03\/IMG_8793-768x1024.jpeg 768w, https:\/\/sunsukoretreat.com\/wp-content\/uploads\/2024\/03\/IMG_8793-1152x1536.jpeg 1152w, https:\/\/sunsukoretreat.com\/wp-content\/uploads\/2024\/03\/IMG_8793-1536x2048.jpeg 1536w, https:\/\/sunsukoretreat.com\/wp-content\/uploads\/2024\/03\/IMG_8793-700x933.jpeg 700w\" sizes=\"(max-width: 1920px) 100vw, 1920px\" \/><\/figure><\/div><\/div>\n\n<div class=\"wp-block-genesis-blocks-gb-column gb-block-layout-column gb-is-vertically-aligned-center\"><div class=\"gb-block-layout-column-inner\"><p>Die Schweizerin Anja Br\u00e4ndli ist seit Ende der 90er Jahre als unabh\u00e4ngige Modedesignerin erfolgreich. Kurz nachdem sie ihr eigenes Studio in Z\u00fcrichs popul\u00e4ren Kreis 4 Viertel er\u00f6ffnet hatte, wurde ihr klar, dass sie ihren Horizont erweitern musste. Auf der Suche nach neuen Inspirationen und einer gew\u00fcnschten Balance im Leben, reiste sie durch Asien und besuchte Bali, wo sie schlie\u00dflich ihr pers\u00f6nliches Paradies und die ideale Umgebung f\u00fcr ihre zuk\u00fcnftige Arbeit fand.<\/p>\n\n<p>Nach 23 Jahren Leben und Arbeiten auf Bali und 25 Jahren T\u00e4tigkeit in der Modeindustrie, entschied sich Anja, nicht mehr mit der Geschwindigkeit und dem enormen Druck der Modewelt schritthalten zu wollen. Basierend auf ihrer eigenen Erfahrung, mental und k\u00f6rperlich ersch\u00f6pft zu sein, sehnte sie sich danach, einen Ort des Friedens und der Ruhe zu schaffen, der jedem Einzelnen offen steht, sich zu erholen und wieder zu sich selbt zu finden.<\/p>\n\n<p>Daher beschloss sie eine Infrastruktur zu schaffen, die ganzheitliche Behandlung, gesunde Ern\u00e4hrung und einen ausgewogenen Lebensstil mit einer reinen, auf Einfachheit ausgerichteten Umgebung verbindet, und die es erm\u00f6glicht, sich an die essentielle Kraft des bei sich Seins zu erinnern, die in unserer schnelllebigen Welt so leicht verloren geht. Angetrieben von einem nicht enden wollenden Fluss an Kreativit\u00e4t, konnte Anja ihren Traum verwirklichen, indem sie ihr eigenes einzigartiges Boutique-Hotel mit viel Liebe zum Detail erschuf. Sie hauchte jedem Zimmer sein individuelles Charisma ein und l\u00e4dt nun ihre G\u00e4ste dazu ein, mit ihrem Besuch und ihrer Energie die Atmosph\u00e4re im Sun Suko Boutique Retreat zu vollenden.<\/p>\n\n<div style=\"height:24px\" aria-hidden=\"true\" class=\"wp-block-spacer\"><\/div><\/div><\/div><\/div><\/div><p><\/p>","protected":false},"excerpt":{"rendered":"","protected":false},"author":1,"featured_media":0,"parent":0,"menu_order":0,"comment_status":"closed","ping_status":"closed","template":"","meta":{"inline_featured_image":false,"_genesis_hide_title":false,"_genesis_hide_breadcrumbs":false,"_genesis_hide_singular_image":false,"_genesis_hide_footer_widgets":false,"_genesis_custom_body_class":"","_genesis_custom_post_class":"","_genesis_layout":"","footnotes":""},"class_list":{"0":"post-4416","1":"page","2":"type-page","3":"status-publish","5":"entry"},"featured_image_src":null,"featured_image_src_square":null,"_links":{"self":[{"href":"https:\/\/sunsukoretreat.com\/de\/wp-json\/wp\/v2\/pages\/4416"}],"collection":[{"href":"https:\/\/sunsukoretreat.com\/de\/wp-json\/wp\/v2\/pages"}],"about":[{"href":"https:\/\/sunsukoretreat.com\/de\/wp-json\/wp\/v2\/types\/page"}],"author":[{"embeddable":true,"href":"https:\/\/sunsukoretreat.com\/de\/wp-json\/wp\/v2\/users\/1"}],"replies":[{"embeddable":true,"href":"https:\/\/sunsukoretreat.com\/de\/wp-json\/wp\/v2\/comments?post=4416"}],"version-history":[{"count":8,"href":"https:\/\/sunsukoretreat.com\/de\/wp-json\/wp\/v2\/pages\/4416\/revisions"}],"predecessor-version":[{"id":4565,"href":"https:\/\/sunsukoretreat.com\/de\/wp-json\/wp\/v2\/pages\/4416\/revisions\/4565"}],"wp:attachment":[{"href":"https:\/\/sunsukoretreat.com\/de\/wp-json\/wp\/v2\/media?parent=4416"}],"curies":[{"name":"wp","href":"https:\/\/api.w.org\/{rel}","templated":true}]}}